{"id":6892,"date":"2016-06-08T14:25:47","date_gmt":"2016-06-08T17:25:47","guid":{"rendered":"https:\/\/wordpress-934528-3246107.cloudwaysapps.com\/?post_type=product&#038;p=6892"},"modified":"2025-04-10T17:41:00","modified_gmt":"2025-04-10T20:41:00","slug":"plantilla-buyer-persona","status":"publish","type":"product","link":"https:\/\/sebastianpendino.com\/academy\/recursos\/plantilla-buyer-persona\/","title":{"rendered":"Plantilla &#8211; Arquetipo de cliente (Buyer Persona)"},"content":{"rendered":"<p><strong>Qu\u00e9 es el buyer-persona?<\/strong><\/p>\n<p>Es una\u00a0representaci\u00f3n simplificada de nuestro cliente\u00a0(o potencial) construida a partir su\u00a0informaci\u00f3n demogr\u00e1fica, comportamiento, necesidades e intereses.<\/p>\n<p>Tambi\u00e9n se conoce a esta t\u00e9cnica con el nombre perfil del consumidor, lector ideal (para blogs) o cliente ideal (para ecommerce); y\u00a0 te ayudar\u00e1 a dar el primer paso antes de comenzar tu proyecto.<\/p>\n<p><strong>\u00bfPara qu\u00e9 sirve esta plantilla?<\/strong><\/p>\n<p>Este recurso te permitir\u00e1\u00a0recaudar y organizar la informaci\u00f3n de tus\u00a0clientes potenciales\u00a0y as\u00ed entender qu\u00e9 necesidades debe satisfacer tu\u00a0producto o servicio.<\/p>\n<p><strong>\u00bfQui\u00e9n puede beneficiarse?<\/strong><\/p>\n<ul>\n<li><strong>Para quien desarrolla su marketing internamente:\u00a0<\/strong>permite saber exactamente para qui\u00e9n se est\u00e1 creando contenido y c\u00f3mo dise\u00f1ar el producto \/ servicio para satisfacer al cliente.<\/li>\n<li><b>Para quien terceriza el marketing:\u00a0<\/b>permite comunicar de manera clara a la agencia o a un profesional, el p\u00fablico-objetivo (<em>target<\/em>) para las futuras campa\u00f1as captaci\u00f3n de clientes.<\/li>\n<\/ul>\n<p><strong>\u00bfQu\u00e9 puntos incluye esta\/s plantilla\/s?<\/strong><\/p>\n<ul>\n<li><strong>Nombre:<\/strong>\u00a0nombre ficticio que represente a este arquetipo de cliente.<\/li>\n<li><strong>Imagen:<\/strong>\u00a0imagen que se parezca a c\u00f3mo te imaginas a tu cliente ideal.<\/li>\n<li><strong>Trabajo\/Puesto de Trabajo.<\/strong><\/li>\n<li><strong>Horarios<\/strong>\u00a0de todas sus actividades diarias.<\/li>\n<li><strong>Nivel de salario:<\/strong>\u00a0importante para definir nuestra estrategia de precios.<\/li>\n<li><strong>Datos demogr\u00e1ficos:<\/strong>\u00a0edad, sexo, etc.<\/li>\n<li><strong>Criterios geogr\u00e1ficos:<\/strong>\u00a0d\u00f3nde vive, d\u00f3nde vivi\u00f3, h\u00e1bitos y costumbres locales.<\/li>\n<li><strong>Situaci\u00f3n familiar:<\/strong>\u00a0padre\/madre con hijos, casad@, divorciado, separado, soltero, etc.<\/li>\n<li><strong>Intereses.<\/strong><\/li>\n<li><strong>H\u00e1bitos.<\/strong><\/li>\n<li><strong>Caracter\u00edsticas personales.<\/strong><\/li>\n<\/ul>\n<p><strong><em>\u00bfProblemas para descargar la plantilla?<\/em><\/strong><br \/>\n<em>\u2013 No dudes en\u00a0<a href=\"https:\/\/sebastianpendino.com\/contacto\/\">contactar<\/a>.<\/em><\/p>\n<div>Este recurso\u00a0se incluyen dentro del programa de estudio de la <a href=\"https:\/\/sebastianpendino.com\/formacion\/mentoring-emprendedores\/\">Mentor\u00eda para emprendedores.<\/a><\/div>\n","protected":false},"excerpt":{"rendered":"<p>Descarga ahora la Plantilla Buyer Persona y Arquetipo de Cliente ideal.<\/p>\n<p><strong>Incluye:<\/strong><br \/>\n<i class=\"fa fa-file-excel-o\" aria-hidden=\"true\"><\/i> Plantilla en Excel<br \/>\n<i class=\"fa fa-file-powerpoint-o\" aria-hidden=\"true\"><\/i> Plantilla en PowerPoint<br \/>\n<i class=\"fa fa-edit\" aria-hidden=\"true\"><\/i> 100% editables<br \/>\n<i class=\"fa fa-file-text-o\" aria-hidden=\"true\"><\/i> Plantilla imprimible en PDF<br \/>\n<i class=\"fa fa-file-text-o\" aria-hidden=\"true\"><\/i> Plantilla ejemplo en PDF<\/p>\n<p><strong>Detalles:<\/strong><br \/>\n<i class=\"fa fa-lock\" aria-hidden=\"true\"><\/i> Descarga y pago seguro<br \/>\n<i class=\"fa fa-check-square-o\" aria-hidden=\"true\"><\/i> Acceso instant\u00e1neo<br \/>\n<i class=\"fa fa-television\" aria-hidden=\"true\"><\/i> Alta resoluci\u00f3n<\/p>\n","protected":false},"featured_media":19621,"comment_status":"open","ping_status":"closed","template":"","meta":[],"product_brand":[],"product_cat":[353,358,466,355],"product_tag":[],"class_list":{"0":"post-6892","1":"product","2":"type-product","3":"status-publish","4":"has-post-thumbnail","6":"product_cat-emprender","7":"product_cat-marketing","8":"product_cat-pack-premium","9":"product_cat-plantillas","11":"first","12":"instock","13":"sale","14":"downloadable","15":"virtual","16":"sold-individually","17":"purchasable","18":"product-type-simple"},"yoast_head":"<!-- This site is optimized with the Yoast SEO plugin v27.3 - https:\/\/yoast.com\/product\/yoast-seo-wordpress\/ -->\n<title>[Plantilla] Buyer-Persona y Arquetipo de Cliente ideal<\/title>\n<meta name=\"description\" content=\"Descarga plantilla buyer-persona, conocida como plantilla perfil del consumidor, lector ideal o cliente ideal; te ayudar\u00e1 a crear un negocio online exitoso!\" \/>\n<meta name=\"robots\" content=\"index, follow, max-snippet:-1, max-image-preview:large, max-video-preview:-1\" \/>\n<link rel=\"canonical\" href=\"https:\/\/sebastianpendino.com\/academy\/recursos\/plantilla-buyer-persona\/\" \/>\n<meta property=\"og:locale\" content=\"es_ES\" \/>\n<meta property=\"og:type\" content=\"article\" \/>\n<meta property=\"og:title\" content=\"[Plantilla] Buyer-Persona (arquetipos de clientes)\" \/>\n<meta property=\"og:description\" content=\"Descarga la plantilla buyer-persona, lector ideal o cliente ideal para crear un negocio online exitoso!\" \/>\n<meta property=\"og:url\" content=\"https:\/\/sebastianpendino.com\/academy\/recursos\/plantilla-buyer-persona\/\" \/>\n<meta property=\"og:site_name\" content=\"Sebasti\u00e1n Pendino - Academy\" \/>\n<meta property=\"article:publisher\" content=\"https:\/\/www.facebook.com\/sebapendino\" \/>\n<meta property=\"article:modified_time\" content=\"2025-04-10T20:41:00+00:00\" \/>\n<meta name=\"twitter:card\" content=\"summary_large_image\" \/>\n<meta name=\"twitter:title\" content=\"#Plantilla Buyer-Persona (arquetipos de clientes)\" \/>\n<meta name=\"twitter:description\" content=\"Descarga la plantilla buyer-persona, lector ideal o cliente ideal para crear un negocio online exitoso!\" \/>\n<meta name=\"twitter:site\" content=\"@SebaPendino\" \/>\n<script type=\"application\/ld+json\" class=\"yoast-schema-graph\">{\"@context\":\"https:\\\/\\\/schema.org\",\"@graph\":[{\"@type\":\"WebPage\",\"@id\":\"https:\\\/\\\/sebastianpendino.com\\\/academy\\\/recursos\\\/plantilla-buyer-persona\\\/\",\"url\":\"https:\\\/\\\/sebastianpendino.com\\\/academy\\\/recursos\\\/plantilla-buyer-persona\\\/\",\"name\":\"[Plantilla] Buyer-Persona y Arquetipo de Cliente ideal\",\"isPartOf\":{\"@id\":\"https:\\\/\\\/sebastianpendino.com\\\/academy\\\/#website\"},\"primaryImageOfPage\":{\"@id\":\"https:\\\/\\\/sebastianpendino.com\\\/academy\\\/recursos\\\/plantilla-buyer-persona\\\/#primaryimage\"},\"image\":{\"@id\":\"https:\\\/\\\/sebastianpendino.com\\\/academy\\\/recursos\\\/plantilla-buyer-persona\\\/#primaryimage\"},\"thumbnailUrl\":\"https:\\\/\\\/sebastianpendino.com\\\/academy\\\/wp-content\\\/uploads\\\/2016\\\/06\\\/arquetipo-cliente-buyer-persona-800x643-1.png\",\"datePublished\":\"2016-06-08T17:25:47+00:00\",\"dateModified\":\"2025-04-10T20:41:00+00:00\",\"description\":\"Descarga plantilla buyer-persona, conocida como plantilla perfil del consumidor, lector ideal o cliente ideal; te ayudar\u00e1 a crear un negocio online exitoso!\",\"breadcrumb\":{\"@id\":\"https:\\\/\\\/sebastianpendino.com\\\/academy\\\/recursos\\\/plantilla-buyer-persona\\\/#breadcrumb\"},\"inLanguage\":\"es\",\"potentialAction\":[{\"@type\":\"ReadAction\",\"target\":[\"https:\\\/\\\/sebastianpendino.com\\\/academy\\\/recursos\\\/plantilla-buyer-persona\\\/\"]}]},{\"@type\":\"ImageObject\",\"inLanguage\":\"es\",\"@id\":\"https:\\\/\\\/sebastianpendino.com\\\/academy\\\/recursos\\\/plantilla-buyer-persona\\\/#primaryimage\",\"url\":\"https:\\\/\\\/sebastianpendino.com\\\/academy\\\/wp-content\\\/uploads\\\/2016\\\/06\\\/arquetipo-cliente-buyer-persona-800x643-1.png\",\"contentUrl\":\"https:\\\/\\\/sebastianpendino.com\\\/academy\\\/wp-content\\\/uploads\\\/2016\\\/06\\\/arquetipo-cliente-buyer-persona-800x643-1.png\",\"width\":800,\"height\":643,\"caption\":\"arquetipo-cliente-buyer-persona\"},{\"@type\":\"BreadcrumbList\",\"@id\":\"https:\\\/\\\/sebastianpendino.com\\\/academy\\\/recursos\\\/plantilla-buyer-persona\\\/#breadcrumb\",\"itemListElement\":[{\"@type\":\"ListItem\",\"position\":1,\"name\":\"Inicio\",\"item\":\"https:\\\/\\\/sebastianpendino.com\\\/academy\\\/\"},{\"@type\":\"ListItem\",\"position\":2,\"name\":\"Shop\",\"item\":\"https:\\\/\\\/sebastianpendino.com\\\/academy\\\/shop\\\/\"},{\"@type\":\"ListItem\",\"position\":3,\"name\":\"Emprendedores\",\"item\":\"https:\\\/\\\/sebastianpendino.com\\\/academy\\\/recurso\\\/emprender\\\/\"},{\"@type\":\"ListItem\",\"position\":4,\"name\":\"Plantilla &#8211; Arquetipo de cliente (Buyer Persona)\"}]},{\"@type\":\"WebSite\",\"@id\":\"https:\\\/\\\/sebastianpendino.com\\\/academy\\\/#website\",\"url\":\"https:\\\/\\\/sebastianpendino.com\\\/academy\\\/\",\"name\":\"Sebasti\u00e1n Pendino - Academy\",\"description\":\"Recursos de Marketing Digital y Negocios Online\",\"publisher\":{\"@id\":\"https:\\\/\\\/sebastianpendino.com\\\/academy\\\/#organization\"},\"alternateName\":\"Seba Pendino - Academy\",\"potentialAction\":[{\"@type\":\"SearchAction\",\"target\":{\"@type\":\"EntryPoint\",\"urlTemplate\":\"https:\\\/\\\/sebastianpendino.com\\\/academy\\\/?s={search_term_string}\"},\"query-input\":{\"@type\":\"PropertyValueSpecification\",\"valueRequired\":true,\"valueName\":\"search_term_string\"}}],\"inLanguage\":\"es\"},{\"@type\":\"Organization\",\"@id\":\"https:\\\/\\\/sebastianpendino.com\\\/academy\\\/#organization\",\"name\":\"Sebasti\u00e1n Pendino - Academy\",\"alternateName\":\"Cursos para emprendedores\",\"url\":\"https:\\\/\\\/sebastianpendino.com\\\/academy\\\/\",\"logo\":{\"@type\":\"ImageObject\",\"inLanguage\":\"es\",\"@id\":\"https:\\\/\\\/sebastianpendino.com\\\/academy\\\/#\\\/schema\\\/logo\\\/image\\\/\",\"url\":\"https:\\\/\\\/sebastianpendino.com\\\/academy\\\/wp-content\\\/uploads\\\/2024\\\/12\\\/sp-logo-academy-358x70-1.webp\",\"contentUrl\":\"https:\\\/\\\/sebastianpendino.com\\\/academy\\\/wp-content\\\/uploads\\\/2024\\\/12\\\/sp-logo-academy-358x70-1.webp\",\"width\":358,\"height\":70,\"caption\":\"Sebasti\u00e1n Pendino - Academy\"},\"image\":{\"@id\":\"https:\\\/\\\/sebastianpendino.com\\\/academy\\\/#\\\/schema\\\/logo\\\/image\\\/\"},\"sameAs\":[\"https:\\\/\\\/www.facebook.com\\\/sebapendino\",\"https:\\\/\\\/x.com\\\/SebaPendino\",\"https:\\\/\\\/www.linkedin.com\\\/in\\\/sebastianpendino\",\"https:\\\/\\\/www.youtube.com\\\/c\\\/sebastianpendino\"]}]}<\/script>\n<!-- \/ Yoast SEO plugin. -->","yoast_head_json":{"title":"[Plantilla] Buyer-Persona y Arquetipo de Cliente ideal","description":"Descarga plantilla buyer-persona, conocida como plantilla perfil del consumidor, lector ideal o cliente ideal; te ayudar\u00e1 a crear un negocio online exitoso!","robots":{"index":"index","follow":"follow","max-snippet":"max-snippet:-1","max-image-preview":"max-image-preview:large","max-video-preview":"max-video-preview:-1"},"canonical":"https:\/\/sebastianpendino.com\/academy\/recursos\/plantilla-buyer-persona\/","og_locale":"es_ES","og_type":"article","og_title":"[Plantilla] Buyer-Persona (arquetipos de clientes)","og_description":"Descarga la plantilla buyer-persona, lector ideal o cliente ideal para crear un negocio online exitoso!","og_url":"https:\/\/sebastianpendino.com\/academy\/recursos\/plantilla-buyer-persona\/","og_site_name":"Sebasti\u00e1n Pendino - Academy","article_publisher":"https:\/\/www.facebook.com\/sebapendino","article_modified_time":"2025-04-10T20:41:00+00:00","twitter_card":"summary_large_image","twitter_title":"#Plantilla Buyer-Persona (arquetipos de clientes)","twitter_description":"Descarga la plantilla buyer-persona, lector ideal o cliente ideal para crear un negocio online exitoso!","twitter_site":"@SebaPendino","schema":{"@context":"https:\/\/schema.org","@graph":[{"@type":"WebPage","@id":"https:\/\/sebastianpendino.com\/academy\/recursos\/plantilla-buyer-persona\/","url":"https:\/\/sebastianpendino.com\/academy\/recursos\/plantilla-buyer-persona\/","name":"[Plantilla] Buyer-Persona y Arquetipo de Cliente ideal","isPartOf":{"@id":"https:\/\/sebastianpendino.com\/academy\/#website"},"primaryImageOfPage":{"@id":"https:\/\/sebastianpendino.com\/academy\/recursos\/plantilla-buyer-persona\/#primaryimage"},"image":{"@id":"https:\/\/sebastianpendino.com\/academy\/recursos\/plantilla-buyer-persona\/#primaryimage"},"thumbnailUrl":"https:\/\/sebastianpendino.com\/academy\/wp-content\/uploads\/2016\/06\/arquetipo-cliente-buyer-persona-800x643-1.png","datePublished":"2016-06-08T17:25:47+00:00","dateModified":"2025-04-10T20:41:00+00:00","description":"Descarga plantilla buyer-persona, conocida como plantilla perfil del consumidor, lector ideal o cliente ideal; te ayudar\u00e1 a crear un negocio online exitoso!","breadcrumb":{"@id":"https:\/\/sebastianpendino.com\/academy\/recursos\/plantilla-buyer-persona\/#breadcrumb"},"inLanguage":"es","potentialAction":[{"@type":"ReadAction","target":["https:\/\/sebastianpendino.com\/academy\/recursos\/plantilla-buyer-persona\/"]}]},{"@type":"ImageObject","inLanguage":"es","@id":"https:\/\/sebastianpendino.com\/academy\/recursos\/plantilla-buyer-persona\/#primaryimage","url":"https:\/\/sebastianpendino.com\/academy\/wp-content\/uploads\/2016\/06\/arquetipo-cliente-buyer-persona-800x643-1.png","contentUrl":"https:\/\/sebastianpendino.com\/academy\/wp-content\/uploads\/2016\/06\/arquetipo-cliente-buyer-persona-800x643-1.png","width":800,"height":643,"caption":"arquetipo-cliente-buyer-persona"},{"@type":"BreadcrumbList","@id":"https:\/\/sebastianpendino.com\/academy\/recursos\/plantilla-buyer-persona\/#breadcrumb","itemListElement":[{"@type":"ListItem","position":1,"name":"Inicio","item":"https:\/\/sebastianpendino.com\/academy\/"},{"@type":"ListItem","position":2,"name":"Shop","item":"https:\/\/sebastianpendino.com\/academy\/shop\/"},{"@type":"ListItem","position":3,"name":"Emprendedores","item":"https:\/\/sebastianpendino.com\/academy\/recurso\/emprender\/"},{"@type":"ListItem","position":4,"name":"Plantilla &#8211; Arquetipo de cliente (Buyer Persona)"}]},{"@type":"WebSite","@id":"https:\/\/sebastianpendino.com\/academy\/#website","url":"https:\/\/sebastianpendino.com\/academy\/","name":"Sebasti\u00e1n Pendino - Academy","description":"Recursos de Marketing Digital y Negocios Online","publisher":{"@id":"https:\/\/sebastianpendino.com\/academy\/#organization"},"alternateName":"Seba Pendino - Academy","potentialAction":[{"@type":"SearchAction","target":{"@type":"EntryPoint","urlTemplate":"https:\/\/sebastianpendino.com\/academy\/?s={search_term_string}"},"query-input":{"@type":"PropertyValueSpecification","valueRequired":true,"valueName":"search_term_string"}}],"inLanguage":"es"},{"@type":"Organization","@id":"https:\/\/sebastianpendino.com\/academy\/#organization","name":"Sebasti\u00e1n Pendino - Academy","alternateName":"Cursos para emprendedores","url":"https:\/\/sebastianpendino.com\/academy\/","logo":{"@type":"ImageObject","inLanguage":"es","@id":"https:\/\/sebastianpendino.com\/academy\/#\/schema\/logo\/image\/","url":"https:\/\/sebastianpendino.com\/academy\/wp-content\/uploads\/2024\/12\/sp-logo-academy-358x70-1.webp","contentUrl":"https:\/\/sebastianpendino.com\/academy\/wp-content\/uploads\/2024\/12\/sp-logo-academy-358x70-1.webp","width":358,"height":70,"caption":"Sebasti\u00e1n Pendino - Academy"},"image":{"@id":"https:\/\/sebastianpendino.com\/academy\/#\/schema\/logo\/image\/"},"sameAs":["https:\/\/www.facebook.com\/sebapendino","https:\/\/x.com\/SebaPendino","https:\/\/www.linkedin.com\/in\/sebastianpendino","https:\/\/www.youtube.com\/c\/sebastianpendino"]}]}},"_links":{"self":[{"href":"https:\/\/sebastianpendino.com\/academy\/wp-json\/wp\/v2\/product\/6892","targetHints":{"allow":["GET"]}}],"collection":[{"href":"https:\/\/sebastianpendino.com\/academy\/wp-json\/wp\/v2\/product"}],"about":[{"href":"https:\/\/sebastianpendino.com\/academy\/wp-json\/wp\/v2\/types\/product"}],"replies":[{"embeddable":true,"href":"https:\/\/sebastianpendino.com\/academy\/wp-json\/wp\/v2\/comments?post=6892"}],"wp:featuredmedia":[{"embeddable":true,"href":"https:\/\/sebastianpendino.com\/academy\/wp-json\/wp\/v2\/media\/19621"}],"wp:attachment":[{"href":"https:\/\/sebastianpendino.com\/academy\/wp-json\/wp\/v2\/media?parent=6892"}],"wp:term":[{"taxonomy":"product_brand","embeddable":true,"href":"https:\/\/sebastianpendino.com\/academy\/wp-json\/wp\/v2\/product_brand?post=6892"},{"taxonomy":"product_cat","embeddable":true,"href":"https:\/\/sebastianpendino.com\/academy\/wp-json\/wp\/v2\/product_cat?post=6892"},{"taxonomy":"product_tag","embeddable":true,"href":"https:\/\/sebastianpendino.com\/academy\/wp-json\/wp\/v2\/product_tag?post=6892"}],"curies":[{"name":"wp","href":"https:\/\/api.w.org\/{rel}","templated":true}]}}