{"id":6429,"date":"2016-04-27T21:54:06","date_gmt":"2016-04-28T00:54:06","guid":{"rendered":"https:\/\/wordpress-934528-3246107.cloudwaysapps.com\/?post_type=product&#038;p=6429"},"modified":"2025-04-10T17:40:37","modified_gmt":"2025-04-10T20:40:37","slug":"plantilla-estrategias-atraccion-de-clientes","status":"publish","type":"product","link":"https:\/\/sebastianpendino.com\/academy\/recursos\/plantilla-estrategias-atraccion-de-clientes\/","title":{"rendered":"Plantilla Estrategias de Atracci\u00f3n de Clientes"},"content":{"rendered":"<p><strong>\u00bfQu\u00e9 es esta plantilla?<\/strong><\/p>\n<p>Es un recurso que re\u00fane y da una estructura a las principales estrategias de atracci\u00f3n de clientes online.<\/p>\n<p><strong>\u00bfQui\u00e9n puede benficiarse?<\/strong><\/p>\n<ul>\n<li><strong>Consultores y agencias<\/strong> para definir y estructurar las estrategias de captaci\u00f3n de prospectos y clientes online en el corto y largo plazo.<\/li>\n<li><strong>Emprendedores y empresas<\/strong> que quieran definir claramente sus canales de captaci\u00f3n bajo una estructura homog\u00e9nea que pueda comunicarse f\u00e1cilmente a el resto de los empleados y gerentes (en el caso de empresas).<\/li>\n<\/ul>\n<p><strong>\u00bfC\u00f3mo puede beneficiarte?<\/strong><\/p>\n<p>Esta plantilla con estrategias de atracci\u00f3n de clientes online te permitir\u00e1 conseguir clientes para tu negocio online\u00a0o tradicional. Con este recurso descubrir\u00e1s las\u00a0<strong>herramientas<\/strong>\u00a0necesarias y los\u00a0<strong>nuevos canales digitales<\/strong> para captar clientes.<\/p>\n<p><strong><em>\u00bfProblemas para descargar la plantilla?<\/em><\/strong><br \/>\n<em>\u2013 No dudes en\u00a0<a href=\"https:\/\/sebastianpendino.com\/contacto\/\">contactar<\/a>.<\/em><\/p>\n<p><strong>\u00bfQu\u00e9 puntos incluye en la plantilla?<\/strong><\/p>\n<div class=\"col2\">\n<div class=\"caja-indice\">\n<p><strong>1) Atraer con tr\u00e1fico gratuito:<\/strong><\/p>\n<ul>\n<li>Directo<\/li>\n<li>De referencia<\/li>\n<li>De los buscadores<\/li>\n<li>Del email marketing<\/li>\n<li>De las redes sociales<\/li>\n<\/ul>\n<\/div>\n<\/div>\n<div class=\"col2\">\n<div class=\"caja-indice\">\n<p><strong>2) Atraer con tr\u00e1fico de pago:<\/strong><\/p>\n<ul>\n<li>Publicidad de pago<\/li>\n<li>Contenido patrocinado<\/li>\n<\/ul>\n<p><strong>3) Atraer con tr\u00e1fico de afiliados:<\/strong><\/p>\n<ul>\n<li>Red de afiliados<\/li>\n<li>Administraci\u00f3n de afiliados propia<\/li>\n<\/ul>\n<\/div>\n<\/div>\n","protected":false},"excerpt":{"rendered":"<p>Descarga ahora la Plantilla de Estrategias de Atracci\u00f3n de Clientes.<\/p>\n<p><strong>Incluye:<\/strong><br \/>\n<i class=\"fa fa-file-excel-o\" aria-hidden=\"true\"><\/i> Plantilla editable en Excel<br \/>\n<i class=\"fa fa-edit\" aria-hidden=\"true\"><\/i> 100% editable<br \/>\n<i class=\"fa fa-file-text-o\" aria-hidden=\"true\"><\/i> Plantilla imprimible en PDF<\/p>\n<p><strong>Detalles:<\/strong><br \/>\n<i class=\"fa fa-lock\" aria-hidden=\"true\"><\/i> Descarga y pago seguro<br \/>\n<i class=\"fa fa-check-square-o\" aria-hidden=\"true\"><\/i> Acceso instant\u00e1neo<br \/>\n<i class=\"fa fa-television\" aria-hidden=\"true\"><\/i> Alta resoluci\u00f3n<\/p>\n","protected":false},"featured_media":11778,"comment_status":"open","ping_status":"closed","template":"","meta":[],"product_brand":[],"product_cat":[353,358,466,355],"product_tag":[],"class_list":{"0":"post-6429","1":"product","2":"type-product","3":"status-publish","4":"has-post-thumbnail","6":"product_cat-emprender","7":"product_cat-marketing","8":"product_cat-pack-premium","9":"product_cat-plantillas","11":"first","12":"instock","13":"sale","14":"downloadable","15":"virtual","16":"sold-individually","17":"purchasable","18":"product-type-simple"},"yoast_head":"<!-- This site is optimized with the Yoast SEO plugin v27.4 - https:\/\/yoast.com\/product\/yoast-seo-wordpress\/ -->\n<title>[Plantilla] Estrategias de Atracci\u00f3n de Clientes<\/title>\n<meta name=\"description\" content=\"La Plantilla con Estrategias de Atracci\u00f3n de Clientes online permite conseguir y atraer clientes a tu negocio. Incluye los nuevos canales digitales.\" \/>\n<meta name=\"robots\" content=\"index, follow, max-snippet:-1, max-image-preview:large, max-video-preview:-1\" \/>\n<link rel=\"canonical\" href=\"https:\/\/sebastianpendino.com\/academy\/recursos\/plantilla-estrategias-atraccion-de-clientes\/\" \/>\n<meta property=\"og:locale\" content=\"es_ES\" \/>\n<meta property=\"og:type\" content=\"article\" \/>\n<meta property=\"og:title\" content=\"[Plantilla] Estrategias de Atracci\u00f3n de Clientes\" \/>\n<meta property=\"og:description\" content=\"La Plantilla con Estrategias de Atracci\u00f3n de Clientes online permite conseguir y atraer clientes a tu negocio. Incluye los nuevos canales digitales.\" \/>\n<meta property=\"og:url\" content=\"https:\/\/sebastianpendino.com\/academy\/recursos\/plantilla-estrategias-atraccion-de-clientes\/\" \/>\n<meta property=\"og:site_name\" content=\"Sebasti\u00e1n Pendino - Academy\" \/>\n<meta property=\"article:publisher\" content=\"https:\/\/www.facebook.com\/sebapendino\" \/>\n<meta property=\"article:modified_time\" content=\"2025-04-10T20:40:37+00:00\" \/>\n<meta property=\"og:image\" content=\"https:\/\/sebastianpendino.com\/academy\/wp-content\/uploads\/2019\/02\/plantilla-atraccion-clientes-online-800x643.png\" \/>\n\t<meta property=\"og:image:width\" content=\"800\" \/>\n\t<meta property=\"og:image:height\" content=\"643\" \/>\n\t<meta property=\"og:image:type\" content=\"image\/png\" \/>\n<meta name=\"twitter:card\" content=\"summary_large_image\" \/>\n<meta name=\"twitter:image\" content=\"https:\/\/sebastianpendino.com\/academy\/wp-content\/uploads\/2019\/02\/plantilla-atraccion-clientes-online-800x643.png\" \/>\n<meta name=\"twitter:site\" content=\"@SebaPendino\" \/>\n<script type=\"application\/ld+json\" class=\"yoast-schema-graph\">{\"@context\":\"https:\\\/\\\/schema.org\",\"@graph\":[{\"@type\":\"WebPage\",\"@id\":\"https:\\\/\\\/sebastianpendino.com\\\/academy\\\/recursos\\\/plantilla-estrategias-atraccion-de-clientes\\\/\",\"url\":\"https:\\\/\\\/sebastianpendino.com\\\/academy\\\/recursos\\\/plantilla-estrategias-atraccion-de-clientes\\\/\",\"name\":\"[Plantilla] Estrategias de Atracci\u00f3n de Clientes\",\"isPartOf\":{\"@id\":\"https:\\\/\\\/sebastianpendino.com\\\/academy\\\/#website\"},\"primaryImageOfPage\":{\"@id\":\"https:\\\/\\\/sebastianpendino.com\\\/academy\\\/recursos\\\/plantilla-estrategias-atraccion-de-clientes\\\/#primaryimage\"},\"image\":{\"@id\":\"https:\\\/\\\/sebastianpendino.com\\\/academy\\\/recursos\\\/plantilla-estrategias-atraccion-de-clientes\\\/#primaryimage\"},\"thumbnailUrl\":\"https:\\\/\\\/sebastianpendino.com\\\/academy\\\/wp-content\\\/uploads\\\/2019\\\/02\\\/plantilla-atraccion-clientes-online-800x643.png\",\"datePublished\":\"2016-04-28T00:54:06+00:00\",\"dateModified\":\"2025-04-10T20:40:37+00:00\",\"description\":\"La Plantilla con Estrategias de Atracci\u00f3n de Clientes online permite conseguir y atraer clientes a tu negocio. Incluye los nuevos canales digitales.\",\"breadcrumb\":{\"@id\":\"https:\\\/\\\/sebastianpendino.com\\\/academy\\\/recursos\\\/plantilla-estrategias-atraccion-de-clientes\\\/#breadcrumb\"},\"inLanguage\":\"es\",\"potentialAction\":[{\"@type\":\"ReadAction\",\"target\":[\"https:\\\/\\\/sebastianpendino.com\\\/academy\\\/recursos\\\/plantilla-estrategias-atraccion-de-clientes\\\/\"]}]},{\"@type\":\"ImageObject\",\"inLanguage\":\"es\",\"@id\":\"https:\\\/\\\/sebastianpendino.com\\\/academy\\\/recursos\\\/plantilla-estrategias-atraccion-de-clientes\\\/#primaryimage\",\"url\":\"https:\\\/\\\/sebastianpendino.com\\\/academy\\\/wp-content\\\/uploads\\\/2019\\\/02\\\/plantilla-atraccion-clientes-online-800x643.png\",\"contentUrl\":\"https:\\\/\\\/sebastianpendino.com\\\/academy\\\/wp-content\\\/uploads\\\/2019\\\/02\\\/plantilla-atraccion-clientes-online-800x643.png\",\"width\":800,\"height\":643,\"caption\":\"plantilla-atraccion-clientes-online\"},{\"@type\":\"BreadcrumbList\",\"@id\":\"https:\\\/\\\/sebastianpendino.com\\\/academy\\\/recursos\\\/plantilla-estrategias-atraccion-de-clientes\\\/#breadcrumb\",\"itemListElement\":[{\"@type\":\"ListItem\",\"position\":1,\"name\":\"Inicio\",\"item\":\"https:\\\/\\\/sebastianpendino.com\\\/academy\\\/\"},{\"@type\":\"ListItem\",\"position\":2,\"name\":\"Shop\",\"item\":\"https:\\\/\\\/sebastianpendino.com\\\/academy\\\/shop\\\/\"},{\"@type\":\"ListItem\",\"position\":3,\"name\":\"Marketing digital\",\"item\":\"https:\\\/\\\/sebastianpendino.com\\\/academy\\\/recurso\\\/marketing\\\/\"},{\"@type\":\"ListItem\",\"position\":4,\"name\":\"Plantilla Estrategias de Atracci\u00f3n de Clientes\"}]},{\"@type\":\"WebSite\",\"@id\":\"https:\\\/\\\/sebastianpendino.com\\\/academy\\\/#website\",\"url\":\"https:\\\/\\\/sebastianpendino.com\\\/academy\\\/\",\"name\":\"Sebasti\u00e1n Pendino - Academy\",\"description\":\"Recursos de Marketing Digital y Negocios Online\",\"publisher\":{\"@id\":\"https:\\\/\\\/sebastianpendino.com\\\/academy\\\/#organization\"},\"alternateName\":\"Seba Pendino - Academy\",\"potentialAction\":[{\"@type\":\"SearchAction\",\"target\":{\"@type\":\"EntryPoint\",\"urlTemplate\":\"https:\\\/\\\/sebastianpendino.com\\\/academy\\\/?s={search_term_string}\"},\"query-input\":{\"@type\":\"PropertyValueSpecification\",\"valueRequired\":true,\"valueName\":\"search_term_string\"}}],\"inLanguage\":\"es\"},{\"@type\":\"Organization\",\"@id\":\"https:\\\/\\\/sebastianpendino.com\\\/academy\\\/#organization\",\"name\":\"Sebasti\u00e1n Pendino - Academy\",\"alternateName\":\"Cursos para emprendedores\",\"url\":\"https:\\\/\\\/sebastianpendino.com\\\/academy\\\/\",\"logo\":{\"@type\":\"ImageObject\",\"inLanguage\":\"es\",\"@id\":\"https:\\\/\\\/sebastianpendino.com\\\/academy\\\/#\\\/schema\\\/logo\\\/image\\\/\",\"url\":\"https:\\\/\\\/sebastianpendino.com\\\/academy\\\/wp-content\\\/uploads\\\/2024\\\/12\\\/sp-logo-academy-358x70-1.webp\",\"contentUrl\":\"https:\\\/\\\/sebastianpendino.com\\\/academy\\\/wp-content\\\/uploads\\\/2024\\\/12\\\/sp-logo-academy-358x70-1.webp\",\"width\":358,\"height\":70,\"caption\":\"Sebasti\u00e1n Pendino - Academy\"},\"image\":{\"@id\":\"https:\\\/\\\/sebastianpendino.com\\\/academy\\\/#\\\/schema\\\/logo\\\/image\\\/\"},\"sameAs\":[\"https:\\\/\\\/www.facebook.com\\\/sebapendino\",\"https:\\\/\\\/x.com\\\/SebaPendino\",\"https:\\\/\\\/www.linkedin.com\\\/in\\\/sebastianpendino\",\"https:\\\/\\\/www.youtube.com\\\/c\\\/sebastianpendino\"]}]}<\/script>\n<!-- \/ Yoast SEO plugin. -->","yoast_head_json":{"title":"[Plantilla] Estrategias de Atracci\u00f3n de Clientes","description":"La Plantilla con Estrategias de Atracci\u00f3n de Clientes online permite conseguir y atraer clientes a tu negocio. Incluye los nuevos canales digitales.","robots":{"index":"index","follow":"follow","max-snippet":"max-snippet:-1","max-image-preview":"max-image-preview:large","max-video-preview":"max-video-preview:-1"},"canonical":"https:\/\/sebastianpendino.com\/academy\/recursos\/plantilla-estrategias-atraccion-de-clientes\/","og_locale":"es_ES","og_type":"article","og_title":"[Plantilla] Estrategias de Atracci\u00f3n de Clientes","og_description":"La Plantilla con Estrategias de Atracci\u00f3n de Clientes online permite conseguir y atraer clientes a tu negocio. Incluye los nuevos canales digitales.","og_url":"https:\/\/sebastianpendino.com\/academy\/recursos\/plantilla-estrategias-atraccion-de-clientes\/","og_site_name":"Sebasti\u00e1n Pendino - Academy","article_publisher":"https:\/\/www.facebook.com\/sebapendino","article_modified_time":"2025-04-10T20:40:37+00:00","og_image":[{"width":800,"height":643,"url":"https:\/\/sebastianpendino.com\/academy\/wp-content\/uploads\/2019\/02\/plantilla-atraccion-clientes-online-800x643.png","type":"image\/png"}],"twitter_card":"summary_large_image","twitter_image":"https:\/\/sebastianpendino.com\/academy\/wp-content\/uploads\/2019\/02\/plantilla-atraccion-clientes-online-800x643.png","twitter_site":"@SebaPendino","schema":{"@context":"https:\/\/schema.org","@graph":[{"@type":"WebPage","@id":"https:\/\/sebastianpendino.com\/academy\/recursos\/plantilla-estrategias-atraccion-de-clientes\/","url":"https:\/\/sebastianpendino.com\/academy\/recursos\/plantilla-estrategias-atraccion-de-clientes\/","name":"[Plantilla] Estrategias de Atracci\u00f3n de Clientes","isPartOf":{"@id":"https:\/\/sebastianpendino.com\/academy\/#website"},"primaryImageOfPage":{"@id":"https:\/\/sebastianpendino.com\/academy\/recursos\/plantilla-estrategias-atraccion-de-clientes\/#primaryimage"},"image":{"@id":"https:\/\/sebastianpendino.com\/academy\/recursos\/plantilla-estrategias-atraccion-de-clientes\/#primaryimage"},"thumbnailUrl":"https:\/\/sebastianpendino.com\/academy\/wp-content\/uploads\/2019\/02\/plantilla-atraccion-clientes-online-800x643.png","datePublished":"2016-04-28T00:54:06+00:00","dateModified":"2025-04-10T20:40:37+00:00","description":"La Plantilla con Estrategias de Atracci\u00f3n de Clientes online permite conseguir y atraer clientes a tu negocio. Incluye los nuevos canales digitales.","breadcrumb":{"@id":"https:\/\/sebastianpendino.com\/academy\/recursos\/plantilla-estrategias-atraccion-de-clientes\/#breadcrumb"},"inLanguage":"es","potentialAction":[{"@type":"ReadAction","target":["https:\/\/sebastianpendino.com\/academy\/recursos\/plantilla-estrategias-atraccion-de-clientes\/"]}]},{"@type":"ImageObject","inLanguage":"es","@id":"https:\/\/sebastianpendino.com\/academy\/recursos\/plantilla-estrategias-atraccion-de-clientes\/#primaryimage","url":"https:\/\/sebastianpendino.com\/academy\/wp-content\/uploads\/2019\/02\/plantilla-atraccion-clientes-online-800x643.png","contentUrl":"https:\/\/sebastianpendino.com\/academy\/wp-content\/uploads\/2019\/02\/plantilla-atraccion-clientes-online-800x643.png","width":800,"height":643,"caption":"plantilla-atraccion-clientes-online"},{"@type":"BreadcrumbList","@id":"https:\/\/sebastianpendino.com\/academy\/recursos\/plantilla-estrategias-atraccion-de-clientes\/#breadcrumb","itemListElement":[{"@type":"ListItem","position":1,"name":"Inicio","item":"https:\/\/sebastianpendino.com\/academy\/"},{"@type":"ListItem","position":2,"name":"Shop","item":"https:\/\/sebastianpendino.com\/academy\/shop\/"},{"@type":"ListItem","position":3,"name":"Marketing digital","item":"https:\/\/sebastianpendino.com\/academy\/recurso\/marketing\/"},{"@type":"ListItem","position":4,"name":"Plantilla Estrategias de Atracci\u00f3n de Clientes"}]},{"@type":"WebSite","@id":"https:\/\/sebastianpendino.com\/academy\/#website","url":"https:\/\/sebastianpendino.com\/academy\/","name":"Sebasti\u00e1n Pendino - Academy","description":"Recursos de Marketing Digital y Negocios Online","publisher":{"@id":"https:\/\/sebastianpendino.com\/academy\/#organization"},"alternateName":"Seba Pendino - Academy","potentialAction":[{"@type":"SearchAction","target":{"@type":"EntryPoint","urlTemplate":"https:\/\/sebastianpendino.com\/academy\/?s={search_term_string}"},"query-input":{"@type":"PropertyValueSpecification","valueRequired":true,"valueName":"search_term_string"}}],"inLanguage":"es"},{"@type":"Organization","@id":"https:\/\/sebastianpendino.com\/academy\/#organization","name":"Sebasti\u00e1n Pendino - Academy","alternateName":"Cursos para emprendedores","url":"https:\/\/sebastianpendino.com\/academy\/","logo":{"@type":"ImageObject","inLanguage":"es","@id":"https:\/\/sebastianpendino.com\/academy\/#\/schema\/logo\/image\/","url":"https:\/\/sebastianpendino.com\/academy\/wp-content\/uploads\/2024\/12\/sp-logo-academy-358x70-1.webp","contentUrl":"https:\/\/sebastianpendino.com\/academy\/wp-content\/uploads\/2024\/12\/sp-logo-academy-358x70-1.webp","width":358,"height":70,"caption":"Sebasti\u00e1n Pendino - Academy"},"image":{"@id":"https:\/\/sebastianpendino.com\/academy\/#\/schema\/logo\/image\/"},"sameAs":["https:\/\/www.facebook.com\/sebapendino","https:\/\/x.com\/SebaPendino","https:\/\/www.linkedin.com\/in\/sebastianpendino","https:\/\/www.youtube.com\/c\/sebastianpendino"]}]}},"_links":{"self":[{"href":"https:\/\/sebastianpendino.com\/academy\/wp-json\/wp\/v2\/product\/6429","targetHints":{"allow":["GET"]}}],"collection":[{"href":"https:\/\/sebastianpendino.com\/academy\/wp-json\/wp\/v2\/product"}],"about":[{"href":"https:\/\/sebastianpendino.com\/academy\/wp-json\/wp\/v2\/types\/product"}],"replies":[{"embeddable":true,"href":"https:\/\/sebastianpendino.com\/academy\/wp-json\/wp\/v2\/comments?post=6429"}],"wp:featuredmedia":[{"embeddable":true,"href":"https:\/\/sebastianpendino.com\/academy\/wp-json\/wp\/v2\/media\/11778"}],"wp:attachment":[{"href":"https:\/\/sebastianpendino.com\/academy\/wp-json\/wp\/v2\/media?parent=6429"}],"wp:term":[{"taxonomy":"product_brand","embeddable":true,"href":"https:\/\/sebastianpendino.com\/academy\/wp-json\/wp\/v2\/product_brand?post=6429"},{"taxonomy":"product_cat","embeddable":true,"href":"https:\/\/sebastianpendino.com\/academy\/wp-json\/wp\/v2\/product_cat?post=6429"},{"taxonomy":"product_tag","embeddable":true,"href":"https:\/\/sebastianpendino.com\/academy\/wp-json\/wp\/v2\/product_tag?post=6429"}],"curies":[{"name":"wp","href":"https:\/\/api.w.org\/{rel}","templated":true}]}}