{"id":21434,"date":"2023-10-20T11:41:01","date_gmt":"2023-10-20T14:41:01","guid":{"rendered":"https:\/\/sebastianpendino.com\/academy\/?post_type=product&#038;p=21434"},"modified":"2025-04-10T16:40:42","modified_gmt":"2025-04-10T19:40:42","slug":"mc-analisis-competidores","status":"publish","type":"product","link":"https:\/\/sebastianpendino.com\/academy\/recursos\/mc-analisis-competidores\/","title":{"rendered":"Masterclass &#8211; An\u00e1lisis de competidores"},"content":{"rendered":"<p><strong>\u00a1Bienvenid@s a la Masterclass de An\u00e1lisis de competidores!<\/strong><\/p>\n<p>En esta clase, exploraremos herramientas y estrategias clave para evaluar a tus competidores en l\u00ednea. Desde identificar a tus rivales hasta desentra\u00f1ar sus estrategias en redes sociales y motores de b\u00fasqueda, te sumergir\u00e1s en un mundo de insights valiosos.<\/p>\n<p>Descubre c\u00f3mo la inteligencia artificial y otras herramientas avanzadas pueden llevar tu an\u00e1lisis al siguiente nivel. \u00a1Prep\u00e1rate para dominar el juego competitivo en el mundo digital!<\/p>\n<h4>\u00bfA qui\u00e9n va dirigida esta masterclass?<\/h4>\n<p>&#8211; Emprendedores, profesionales de servicios, freelancers y empresas que deseen conocer m\u00e1s acerca de las estrategias de negocio de sus competidores en el mundo online.<\/p>\n","protected":false},"excerpt":{"rendered":"<p>Accede ahora a esta masterclass<\/p>\n<p><strong>Incluye:<\/strong><br \/>\n<i class=\"fa fa-video-camera\" aria-hidden=\"true\"><\/i> 1 clase en v\u00eddeo<br \/>\n<i class=\"fa fa-clock-o\" aria-hidden=\"true\"><\/i> 1 hora de masterclass<br \/>\n<i class=\"fa fa-certificate\" aria-hidden=\"true\"><\/i> Certificado de finalizaci\u00f3n PDF<\/p>\n<p><strong>Detalles:<\/strong><br \/>\n<i class=\"fa fa-key\" aria-hidden=\"true\"><\/i> Acceso de por vida<br \/>\n<i class=\"fa fa-check-square-o\" aria-hidden=\"true\"><\/i> Acceso instant\u00e1neo<br \/>\n<i class=\"fa fa-television\" aria-hidden=\"true\"><\/i> Webinar grabado en vivo<br \/>\n<i class=\"fa fa-certificate\" aria-hidden=\"true\"><\/i> Garant\u00eda devoluci\u00f3n 30 d\u00edas<\/p>\n","protected":false},"featured_media":21461,"comment_status":"open","ping_status":"closed","template":"","meta":[],"product_brand":[],"product_cat":[516],"product_tag":[],"class_list":{"0":"post-21434","1":"product","2":"type-product","3":"status-publish","4":"has-post-thumbnail","6":"product_cat-cursos","8":"first","9":"instock","10":"sale","11":"virtual","12":"sold-individually","13":"purchasable","14":"product-type-simple"},"yoast_head":"<!-- This site is optimized with the Yoast SEO plugin v27.4 - https:\/\/yoast.com\/product\/yoast-seo-wordpress\/ -->\n<title>Masterclass - An\u00e1lisis de Competidores | Esp\u00eda a tu Competencia \ud83d\udd0d<\/title>\n<meta name=\"description\" content=\"Aprende a &quot;espiar&quot; a tus competidores con esta MasteClass grabada en vivos. \u2b50 Aprender\u00e1s a analizar la competencia y herramientas \u00bb \u00a1Ver Ahora! \u2714\ufe0f\" \/>\n<meta name=\"robots\" content=\"index, follow, max-snippet:-1, max-image-preview:large, max-video-preview:-1\" \/>\n<link rel=\"canonical\" href=\"https:\/\/sebastianpendino.com\/academy\/recursos\/mc-analisis-competidores\/\" \/>\n<meta property=\"og:locale\" content=\"es_ES\" \/>\n<meta property=\"og:type\" content=\"article\" \/>\n<meta property=\"og:title\" content=\"Masterclass - An\u00e1lisis de Competidores | Esp\u00eda a tu Competencia \ud83d\udd0d\" \/>\n<meta property=\"og:description\" content=\"Aprende a &quot;espiar&quot; a tus competidores con esta MasteClass grabada en vivos. \u2b50 Aprender\u00e1s a analizar la competencia y herramientas \u00bb \u00a1Ver Ahora! \u2714\ufe0f\" \/>\n<meta property=\"og:url\" content=\"https:\/\/sebastianpendino.com\/academy\/recursos\/mc-analisis-competidores\/\" \/>\n<meta property=\"og:site_name\" content=\"Sebasti\u00e1n Pendino - Academy\" \/>\n<meta property=\"article:publisher\" content=\"https:\/\/www.facebook.com\/sebapendino\" \/>\n<meta property=\"article:modified_time\" content=\"2025-04-10T19:40:42+00:00\" \/>\n<meta property=\"og:image\" content=\"https:\/\/sebastianpendino.com\/academy\/wp-content\/uploads\/2023\/10\/curso-clase-analisis-competencia-opt.png\" \/>\n\t<meta property=\"og:image:width\" content=\"800\" \/>\n\t<meta property=\"og:image:height\" content=\"643\" \/>\n\t<meta property=\"og:image:type\" content=\"image\/png\" \/>\n<meta name=\"twitter:card\" content=\"summary_large_image\" \/>\n<meta name=\"twitter:site\" content=\"@SebaPendino\" \/>\n<script type=\"application\/ld+json\" class=\"yoast-schema-graph\">{\"@context\":\"https:\\\/\\\/schema.org\",\"@graph\":[{\"@type\":\"WebPage\",\"@id\":\"https:\\\/\\\/sebastianpendino.com\\\/academy\\\/recursos\\\/mc-analisis-competidores\\\/\",\"url\":\"https:\\\/\\\/sebastianpendino.com\\\/academy\\\/recursos\\\/mc-analisis-competidores\\\/\",\"name\":\"Masterclass - An\u00e1lisis de Competidores | Esp\u00eda a tu Competencia \ud83d\udd0d\",\"isPartOf\":{\"@id\":\"https:\\\/\\\/sebastianpendino.com\\\/academy\\\/#website\"},\"primaryImageOfPage\":{\"@id\":\"https:\\\/\\\/sebastianpendino.com\\\/academy\\\/recursos\\\/mc-analisis-competidores\\\/#primaryimage\"},\"image\":{\"@id\":\"https:\\\/\\\/sebastianpendino.com\\\/academy\\\/recursos\\\/mc-analisis-competidores\\\/#primaryimage\"},\"thumbnailUrl\":\"https:\\\/\\\/sebastianpendino.com\\\/academy\\\/wp-content\\\/uploads\\\/2023\\\/10\\\/curso-clase-analisis-competencia-opt.png\",\"datePublished\":\"2023-10-20T14:41:01+00:00\",\"dateModified\":\"2025-04-10T19:40:42+00:00\",\"description\":\"Aprende a \\\"espiar\\\" a tus competidores con esta MasteClass grabada en vivos. \u2b50 Aprender\u00e1s a analizar la competencia y herramientas \u00bb \u00a1Ver Ahora! \u2714\ufe0f\",\"breadcrumb\":{\"@id\":\"https:\\\/\\\/sebastianpendino.com\\\/academy\\\/recursos\\\/mc-analisis-competidores\\\/#breadcrumb\"},\"inLanguage\":\"es\",\"potentialAction\":[{\"@type\":\"ReadAction\",\"target\":[\"https:\\\/\\\/sebastianpendino.com\\\/academy\\\/recursos\\\/mc-analisis-competidores\\\/\"]}]},{\"@type\":\"ImageObject\",\"inLanguage\":\"es\",\"@id\":\"https:\\\/\\\/sebastianpendino.com\\\/academy\\\/recursos\\\/mc-analisis-competidores\\\/#primaryimage\",\"url\":\"https:\\\/\\\/sebastianpendino.com\\\/academy\\\/wp-content\\\/uploads\\\/2023\\\/10\\\/curso-clase-analisis-competencia-opt.png\",\"contentUrl\":\"https:\\\/\\\/sebastianpendino.com\\\/academy\\\/wp-content\\\/uploads\\\/2023\\\/10\\\/curso-clase-analisis-competencia-opt.png\",\"width\":800,\"height\":643,\"caption\":\"curso-clase-analisis-competencia\"},{\"@type\":\"BreadcrumbList\",\"@id\":\"https:\\\/\\\/sebastianpendino.com\\\/academy\\\/recursos\\\/mc-analisis-competidores\\\/#breadcrumb\",\"itemListElement\":[{\"@type\":\"ListItem\",\"position\":1,\"name\":\"Inicio\",\"item\":\"https:\\\/\\\/sebastianpendino.com\\\/academy\\\/\"},{\"@type\":\"ListItem\",\"position\":2,\"name\":\"Shop\",\"item\":\"https:\\\/\\\/sebastianpendino.com\\\/academy\\\/shop\\\/\"},{\"@type\":\"ListItem\",\"position\":3,\"name\":\"Cursos y Workshops\",\"item\":\"https:\\\/\\\/sebastianpendino.com\\\/academy\\\/recurso\\\/cursos\\\/\"},{\"@type\":\"ListItem\",\"position\":4,\"name\":\"Masterclass &#8211; An\u00e1lisis de competidores\"}]},{\"@type\":\"WebSite\",\"@id\":\"https:\\\/\\\/sebastianpendino.com\\\/academy\\\/#website\",\"url\":\"https:\\\/\\\/sebastianpendino.com\\\/academy\\\/\",\"name\":\"Sebasti\u00e1n Pendino - Academy\",\"description\":\"Recursos de Marketing Digital y Negocios Online\",\"publisher\":{\"@id\":\"https:\\\/\\\/sebastianpendino.com\\\/academy\\\/#organization\"},\"alternateName\":\"Seba Pendino - Academy\",\"potentialAction\":[{\"@type\":\"SearchAction\",\"target\":{\"@type\":\"EntryPoint\",\"urlTemplate\":\"https:\\\/\\\/sebastianpendino.com\\\/academy\\\/?s={search_term_string}\"},\"query-input\":{\"@type\":\"PropertyValueSpecification\",\"valueRequired\":true,\"valueName\":\"search_term_string\"}}],\"inLanguage\":\"es\"},{\"@type\":\"Organization\",\"@id\":\"https:\\\/\\\/sebastianpendino.com\\\/academy\\\/#organization\",\"name\":\"Sebasti\u00e1n Pendino - Academy\",\"alternateName\":\"Cursos para emprendedores\",\"url\":\"https:\\\/\\\/sebastianpendino.com\\\/academy\\\/\",\"logo\":{\"@type\":\"ImageObject\",\"inLanguage\":\"es\",\"@id\":\"https:\\\/\\\/sebastianpendino.com\\\/academy\\\/#\\\/schema\\\/logo\\\/image\\\/\",\"url\":\"https:\\\/\\\/sebastianpendino.com\\\/academy\\\/wp-content\\\/uploads\\\/2024\\\/12\\\/sp-logo-academy-358x70-1.webp\",\"contentUrl\":\"https:\\\/\\\/sebastianpendino.com\\\/academy\\\/wp-content\\\/uploads\\\/2024\\\/12\\\/sp-logo-academy-358x70-1.webp\",\"width\":358,\"height\":70,\"caption\":\"Sebasti\u00e1n Pendino - Academy\"},\"image\":{\"@id\":\"https:\\\/\\\/sebastianpendino.com\\\/academy\\\/#\\\/schema\\\/logo\\\/image\\\/\"},\"sameAs\":[\"https:\\\/\\\/www.facebook.com\\\/sebapendino\",\"https:\\\/\\\/x.com\\\/SebaPendino\",\"https:\\\/\\\/www.linkedin.com\\\/in\\\/sebastianpendino\",\"https:\\\/\\\/www.youtube.com\\\/c\\\/sebastianpendino\"]}]}<\/script>\n<!-- \/ Yoast SEO plugin. -->","yoast_head_json":{"title":"Masterclass - An\u00e1lisis de Competidores | Esp\u00eda a tu Competencia \ud83d\udd0d","description":"Aprende a \"espiar\" a tus competidores con esta MasteClass grabada en vivos. \u2b50 Aprender\u00e1s a analizar la competencia y herramientas \u00bb \u00a1Ver Ahora! \u2714\ufe0f","robots":{"index":"index","follow":"follow","max-snippet":"max-snippet:-1","max-image-preview":"max-image-preview:large","max-video-preview":"max-video-preview:-1"},"canonical":"https:\/\/sebastianpendino.com\/academy\/recursos\/mc-analisis-competidores\/","og_locale":"es_ES","og_type":"article","og_title":"Masterclass - An\u00e1lisis de Competidores | Esp\u00eda a tu Competencia \ud83d\udd0d","og_description":"Aprende a \"espiar\" a tus competidores con esta MasteClass grabada en vivos. \u2b50 Aprender\u00e1s a analizar la competencia y herramientas \u00bb \u00a1Ver Ahora! \u2714\ufe0f","og_url":"https:\/\/sebastianpendino.com\/academy\/recursos\/mc-analisis-competidores\/","og_site_name":"Sebasti\u00e1n Pendino - Academy","article_publisher":"https:\/\/www.facebook.com\/sebapendino","article_modified_time":"2025-04-10T19:40:42+00:00","og_image":[{"width":800,"height":643,"url":"https:\/\/sebastianpendino.com\/academy\/wp-content\/uploads\/2023\/10\/curso-clase-analisis-competencia-opt.png","type":"image\/png"}],"twitter_card":"summary_large_image","twitter_site":"@SebaPendino","schema":{"@context":"https:\/\/schema.org","@graph":[{"@type":"WebPage","@id":"https:\/\/sebastianpendino.com\/academy\/recursos\/mc-analisis-competidores\/","url":"https:\/\/sebastianpendino.com\/academy\/recursos\/mc-analisis-competidores\/","name":"Masterclass - An\u00e1lisis de Competidores | Esp\u00eda a tu Competencia \ud83d\udd0d","isPartOf":{"@id":"https:\/\/sebastianpendino.com\/academy\/#website"},"primaryImageOfPage":{"@id":"https:\/\/sebastianpendino.com\/academy\/recursos\/mc-analisis-competidores\/#primaryimage"},"image":{"@id":"https:\/\/sebastianpendino.com\/academy\/recursos\/mc-analisis-competidores\/#primaryimage"},"thumbnailUrl":"https:\/\/sebastianpendino.com\/academy\/wp-content\/uploads\/2023\/10\/curso-clase-analisis-competencia-opt.png","datePublished":"2023-10-20T14:41:01+00:00","dateModified":"2025-04-10T19:40:42+00:00","description":"Aprende a \"espiar\" a tus competidores con esta MasteClass grabada en vivos. \u2b50 Aprender\u00e1s a analizar la competencia y herramientas \u00bb \u00a1Ver Ahora! \u2714\ufe0f","breadcrumb":{"@id":"https:\/\/sebastianpendino.com\/academy\/recursos\/mc-analisis-competidores\/#breadcrumb"},"inLanguage":"es","potentialAction":[{"@type":"ReadAction","target":["https:\/\/sebastianpendino.com\/academy\/recursos\/mc-analisis-competidores\/"]}]},{"@type":"ImageObject","inLanguage":"es","@id":"https:\/\/sebastianpendino.com\/academy\/recursos\/mc-analisis-competidores\/#primaryimage","url":"https:\/\/sebastianpendino.com\/academy\/wp-content\/uploads\/2023\/10\/curso-clase-analisis-competencia-opt.png","contentUrl":"https:\/\/sebastianpendino.com\/academy\/wp-content\/uploads\/2023\/10\/curso-clase-analisis-competencia-opt.png","width":800,"height":643,"caption":"curso-clase-analisis-competencia"},{"@type":"BreadcrumbList","@id":"https:\/\/sebastianpendino.com\/academy\/recursos\/mc-analisis-competidores\/#breadcrumb","itemListElement":[{"@type":"ListItem","position":1,"name":"Inicio","item":"https:\/\/sebastianpendino.com\/academy\/"},{"@type":"ListItem","position":2,"name":"Shop","item":"https:\/\/sebastianpendino.com\/academy\/shop\/"},{"@type":"ListItem","position":3,"name":"Cursos y Workshops","item":"https:\/\/sebastianpendino.com\/academy\/recurso\/cursos\/"},{"@type":"ListItem","position":4,"name":"Masterclass &#8211; An\u00e1lisis de competidores"}]},{"@type":"WebSite","@id":"https:\/\/sebastianpendino.com\/academy\/#website","url":"https:\/\/sebastianpendino.com\/academy\/","name":"Sebasti\u00e1n Pendino - Academy","description":"Recursos de Marketing Digital y Negocios Online","publisher":{"@id":"https:\/\/sebastianpendino.com\/academy\/#organization"},"alternateName":"Seba Pendino - Academy","potentialAction":[{"@type":"SearchAction","target":{"@type":"EntryPoint","urlTemplate":"https:\/\/sebastianpendino.com\/academy\/?s={search_term_string}"},"query-input":{"@type":"PropertyValueSpecification","valueRequired":true,"valueName":"search_term_string"}}],"inLanguage":"es"},{"@type":"Organization","@id":"https:\/\/sebastianpendino.com\/academy\/#organization","name":"Sebasti\u00e1n Pendino - Academy","alternateName":"Cursos para emprendedores","url":"https:\/\/sebastianpendino.com\/academy\/","logo":{"@type":"ImageObject","inLanguage":"es","@id":"https:\/\/sebastianpendino.com\/academy\/#\/schema\/logo\/image\/","url":"https:\/\/sebastianpendino.com\/academy\/wp-content\/uploads\/2024\/12\/sp-logo-academy-358x70-1.webp","contentUrl":"https:\/\/sebastianpendino.com\/academy\/wp-content\/uploads\/2024\/12\/sp-logo-academy-358x70-1.webp","width":358,"height":70,"caption":"Sebasti\u00e1n Pendino - Academy"},"image":{"@id":"https:\/\/sebastianpendino.com\/academy\/#\/schema\/logo\/image\/"},"sameAs":["https:\/\/www.facebook.com\/sebapendino","https:\/\/x.com\/SebaPendino","https:\/\/www.linkedin.com\/in\/sebastianpendino","https:\/\/www.youtube.com\/c\/sebastianpendino"]}]}},"_links":{"self":[{"href":"https:\/\/sebastianpendino.com\/academy\/wp-json\/wp\/v2\/product\/21434","targetHints":{"allow":["GET"]}}],"collection":[{"href":"https:\/\/sebastianpendino.com\/academy\/wp-json\/wp\/v2\/product"}],"about":[{"href":"https:\/\/sebastianpendino.com\/academy\/wp-json\/wp\/v2\/types\/product"}],"replies":[{"embeddable":true,"href":"https:\/\/sebastianpendino.com\/academy\/wp-json\/wp\/v2\/comments?post=21434"}],"wp:featuredmedia":[{"embeddable":true,"href":"https:\/\/sebastianpendino.com\/academy\/wp-json\/wp\/v2\/media\/21461"}],"wp:attachment":[{"href":"https:\/\/sebastianpendino.com\/academy\/wp-json\/wp\/v2\/media?parent=21434"}],"wp:term":[{"taxonomy":"product_brand","embeddable":true,"href":"https:\/\/sebastianpendino.com\/academy\/wp-json\/wp\/v2\/product_brand?post=21434"},{"taxonomy":"product_cat","embeddable":true,"href":"https:\/\/sebastianpendino.com\/academy\/wp-json\/wp\/v2\/product_cat?post=21434"},{"taxonomy":"product_tag","embeddable":true,"href":"https:\/\/sebastianpendino.com\/academy\/wp-json\/wp\/v2\/product_tag?post=21434"}],"curies":[{"name":"wp","href":"https:\/\/api.w.org\/{rel}","templated":true}]}}