{"id":21170,"date":"2023-01-30T08:54:58","date_gmt":"2023-01-30T11:54:58","guid":{"rendered":"https:\/\/sebastianpendino.com\/academy\/?post_type=product&#038;p=21170"},"modified":"2025-04-11T17:18:20","modified_gmt":"2025-04-11T20:18:20","slug":"metricool","status":"publish","type":"product","link":"https:\/\/sebastianpendino.com\/academy\/recursos\/metricool\/","title":{"rendered":"Metricool (Planificador de Redes Sociales)"},"content":{"rendered":"<h3>\u00bfQu\u00e9 es Metricool?<\/h3>\n<p>Metricool es una herramienta en l\u00ednea para la\u00a0<strong>automatizaci\u00f3n de redes sociales.<br \/>\n<\/strong>Con Metricool, puedes <strong>programar publicaciones<\/strong> y administrar <strong>varias cuentas de redes sociales<\/strong> desde un solo lugar.<br \/>\nAumenta tu alcance y aprovecha al m\u00e1ximo tu tiempo con Metricool.\u00a0\u00bb <a href=\"https:\/\/sebastianpendino.com\/metricool-planificador-de-redes-sociales\/\">Ver rese\u00f1a completa de Metricool.<\/a><\/p>\n<div class=\"blue-promo-box\">\n<p>Usa mi C\u00f3digo y disfruta de <strong>30 d\u00edas Gratis de Metricool Plan PRO.<br \/>\n(C\u00f3digo: PENDINO25)<\/strong><\/p>\n<p><a class=\"button wp-block-button__link wp-element-button\" href=\"\/ir\/metricool\/\" target=\"_blank\" rel=\"noopener nofollow\">\u2192 \u00a1Prueba hoy Metricool!<\/a><\/p>\n<\/div>\n<h2>\u00bfQu\u00e9 puedes hacer con Metricool?<\/h2>\n<h3>1. Planificar tus publicaciones con Metricool (Calendario Editorial)<\/h3>\n<p>Automatiza y programa la publicaci\u00f3n de tus contenidos en varias redes sociales desde un solo calendario editorial.<\/p>\n<p><img loading=\"lazy\" decoding=\"async\" class=\"size-full wp-image-21180 alignnone\" src=\"https:\/\/sebastianpendino.com\/academy\/wp-content\/uploads\/2023\/01\/metricool-planificador-de-redes-sociales.webp\" alt=\"metricool-planificador-de-redes-sociales\" width=\"1000\" height=\"596\" srcset=\"https:\/\/sebastianpendino.com\/academy\/wp-content\/uploads\/2023\/01\/metricool-planificador-de-redes-sociales.webp 1000w, https:\/\/sebastianpendino.com\/academy\/wp-content\/uploads\/2023\/01\/metricool-planificador-de-redes-sociales-370x221.webp 370w, https:\/\/sebastianpendino.com\/academy\/wp-content\/uploads\/2023\/01\/metricool-planificador-de-redes-sociales-643x383.webp 643w, https:\/\/sebastianpendino.com\/academy\/wp-content\/uploads\/2023\/01\/metricool-planificador-de-redes-sociales-800x477.webp 800w\" sizes=\"auto, (max-width: 1000px) 100vw, 1000px\" \/><\/p>\n<h3>2. Analizar de resultados de tus redes sociales<\/h3>\n<p>Consigue todas las <strong>m\u00e9tricas<\/strong> de todas tus redes en un \u00fanico panel de control.<\/p>\n<p>Genera <strong>informes<\/strong> para clientes (PDF) para mostrar los resultados alcanzados por tu trabajo.<\/p>\n<p><img loading=\"lazy\" decoding=\"async\" class=\"size-full wp-image-21181 alignnone\" src=\"https:\/\/sebastianpendino.com\/academy\/wp-content\/uploads\/2023\/01\/metricool-analitica-redes-sociales-y-web-blog.webp\" alt=\"metricool-analitica-redes-sociales-y-web-blog\" width=\"1000\" height=\"510\" srcset=\"https:\/\/sebastianpendino.com\/academy\/wp-content\/uploads\/2023\/01\/metricool-analitica-redes-sociales-y-web-blog.webp 1000w, https:\/\/sebastianpendino.com\/academy\/wp-content\/uploads\/2023\/01\/metricool-analitica-redes-sociales-y-web-blog-370x189.webp 370w, https:\/\/sebastianpendino.com\/academy\/wp-content\/uploads\/2023\/01\/metricool-analitica-redes-sociales-y-web-blog-643x328.webp 643w, https:\/\/sebastianpendino.com\/academy\/wp-content\/uploads\/2023\/01\/metricool-analitica-redes-sociales-y-web-blog-800x408.webp 800w\" sizes=\"auto, (max-width: 1000px) 100vw, 1000px\" \/><\/p>\n<h3 class=\"wp-block-heading\">3. Asistente de inteligencia artificial (IA)<\/h3>\n<p>Con el asistente de IA de Metricool podr\u00e1s crear textos para publicaciones a partir de:<\/p>\n<ol>\n<li>Texto con\u00a0<strong>palabra clave<\/strong>.<\/li>\n<li><strong>URL\u00a0<\/strong>de alg\u00fan art\u00edculo o web.<\/li>\n<\/ol>\n<p><strong>\u00bfC\u00f3mo usar el asistente de AI de Metricool?<\/strong><\/p>\n<ol>\n<li>Abre el planificador de Metricool y pide ayuda al asistente de IA<\/li>\n<li>Elige el tono de tu publicaci\u00f3n<\/li>\n<li>Elige el tama\u00f1o del texto que necesitas<\/li>\n<\/ol>\n<p><img loading=\"lazy\" decoding=\"async\" class=\"wp-image-22151\" src=\"https:\/\/sebastianpendino.com\/wp-content\/uploads\/2023\/05\/metricool-planificador-asistente-ai.webp\" sizes=\"auto, (max-width: 1000px) 100vw, 1000px\" srcset=\"https:\/\/sebastianpendino.com\/wp-content\/uploads\/2023\/05\/metricool-planificador-asistente-ai.webp 1000w, https:\/\/sebastianpendino.com\/wp-content\/uploads\/2023\/05\/metricool-planificador-asistente-ai-370x297.webp 370w\" alt=\"metricool planificado asistente de AI\" width=\"1000\" height=\"803\" \/><\/p>\n<p>El asistente de IA de Metricool puede servirte para:<\/p>\n<ol>\n<li>Crear una publicaci\u00f3n para tus redes sociales.<\/li>\n<li>Crear publicaciones para un\u00a0<strong>calendario editorial.<\/strong><\/li>\n<li>Crear\u00a0<strong>hilos de Twits.<\/strong><\/li>\n<li>Crear textos medianos en general para redes o blog.<\/li>\n<\/ol>\n<p>\u00bb Aprende m\u00e1s sobre el: <a href=\"\/inteligencia-artificial-marketing\/\">Uso de la inteligencia artificial en marketing<\/a>.<\/p>\n<h3>4. Previsualizaci\u00f3n del Feed de Instagram<\/h3>\n<p>Esta funci\u00f3n permite ver c\u00f3mo se ver\u00e1 tu perfil de Instagram despu\u00e9s de programar tus publicaciones (antes de publicar).<\/p>\n<p><img loading=\"lazy\" decoding=\"async\" class=\"size-full wp-image-21182 alignnone\" src=\"https:\/\/sebastianpendino.com\/academy\/wp-content\/uploads\/2023\/01\/metricool-previsualizacion-feed-instagram.webp\" alt=\"metricool-previsualizacion-feed-instagram\" width=\"317\" height=\"500\" srcset=\"https:\/\/sebastianpendino.com\/academy\/wp-content\/uploads\/2023\/01\/metricool-previsualizacion-feed-instagram.webp 317w, https:\/\/sebastianpendino.com\/academy\/wp-content\/uploads\/2023\/01\/metricool-previsualizacion-feed-instagram-235x370.webp 235w\" sizes=\"auto, (max-width: 317px) 100vw, 317px\" \/><\/p>\n<h3>5. Linktree en Instagram (SmartLinks)<\/h3>\n<p>Metricool te permite crear y administrar enlaces de Linktree en Instagram.<\/p>\n<p>Los SmartLinks de Metricool te permiten crear una p\u00e1gina de destino personalizada con todas tus redes sociales, sitio web, canal de Youtube y m\u00e1s.<\/p>\n<p><img loading=\"lazy\" decoding=\"async\" class=\"size-full wp-image-21183 alignnone\" src=\"https:\/\/sebastianpendino.com\/academy\/wp-content\/uploads\/2023\/01\/metricool-smartlinks-linktree.webp\" alt=\"metricool-smartlinks-linktree\" width=\"1000\" height=\"509\" srcset=\"https:\/\/sebastianpendino.com\/academy\/wp-content\/uploads\/2023\/01\/metricool-smartlinks-linktree.webp 1000w, https:\/\/sebastianpendino.com\/academy\/wp-content\/uploads\/2023\/01\/metricool-smartlinks-linktree-370x188.webp 370w, https:\/\/sebastianpendino.com\/academy\/wp-content\/uploads\/2023\/01\/metricool-smartlinks-linktree-643x327.webp 643w, https:\/\/sebastianpendino.com\/academy\/wp-content\/uploads\/2023\/01\/metricool-smartlinks-linktree-800x407.webp 800w\" sizes=\"auto, (max-width: 1000px) 100vw, 1000px\" \/><\/p>\n<h3>6. Crea y gestiona campa\u00f1as de anuncios<\/h3>\n<p>Metricool te permite crear y gestionar campa\u00f1as publicitarias en varias plataformas:<\/p>\n<ul>\n<li>Facebook Ads<\/li>\n<li>Google Ads<\/li>\n<li>Tiktok Ads<\/li>\n<\/ul>\n<p><img loading=\"lazy\" decoding=\"async\" class=\"size-full wp-image-21184 alignnone\" src=\"https:\/\/sebastianpendino.com\/academy\/wp-content\/uploads\/2023\/01\/metricool-campanas-de-anuncios-ads.webp\" alt=\"metricool-campanas-de-anuncios-ads\" width=\"1000\" height=\"431\" srcset=\"https:\/\/sebastianpendino.com\/academy\/wp-content\/uploads\/2023\/01\/metricool-campanas-de-anuncios-ads.webp 1000w, https:\/\/sebastianpendino.com\/academy\/wp-content\/uploads\/2023\/01\/metricool-campanas-de-anuncios-ads-370x159.webp 370w, https:\/\/sebastianpendino.com\/academy\/wp-content\/uploads\/2023\/01\/metricool-campanas-de-anuncios-ads-643x277.webp 643w, https:\/\/sebastianpendino.com\/academy\/wp-content\/uploads\/2023\/01\/metricool-campanas-de-anuncios-ads-800x345.webp 800w\" sizes=\"auto, (max-width: 1000px) 100vw, 1000px\" \/><\/p>\n<h3>7. Responde mensajes de todas tus redes en un mismo lugar<\/h3>\n<p>El Inbox centralizado de Metricool te permite acceder a tus mensajes de redes sociales, como Instagram, Facebook, Twitter, entre otras, desde una sola interfaz.<\/p>\n<p><img loading=\"lazy\" decoding=\"async\" class=\"size-full wp-image-21185 alignnone\" src=\"https:\/\/sebastianpendino.com\/academy\/wp-content\/uploads\/2023\/01\/metricool-inbox-centralizado-redes-sociales.webp\" alt=\"metricool-inbox-centralizado-redes-sociales\" width=\"1000\" height=\"508\" srcset=\"https:\/\/sebastianpendino.com\/academy\/wp-content\/uploads\/2023\/01\/metricool-inbox-centralizado-redes-sociales.webp 1000w, https:\/\/sebastianpendino.com\/academy\/wp-content\/uploads\/2023\/01\/metricool-inbox-centralizado-redes-sociales-370x188.webp 370w, https:\/\/sebastianpendino.com\/academy\/wp-content\/uploads\/2023\/01\/metricool-inbox-centralizado-redes-sociales-643x327.webp 643w, https:\/\/sebastianpendino.com\/academy\/wp-content\/uploads\/2023\/01\/metricool-inbox-centralizado-redes-sociales-800x406.webp 800w\" sizes=\"auto, (max-width: 1000px) 100vw, 1000px\" \/><\/p>\n<div class=\"blue-promo-box\">\n<p>Usa mi C\u00f3digo y disfruta de <strong>30 d\u00edas Gratis de Metricool Plan PRO.<br \/>\n(C\u00f3digo: PENDINO25)<\/strong><\/p>\n<p><a class=\"button wp-block-button__link wp-element-button\" href=\"\/ir\/metricool\/\" target=\"_blank\" rel=\"noopener nofollow\">\u2192 \u00a1Prueba hoy Metricool!<\/a><\/p>\n<\/div>\n","protected":false},"excerpt":{"rendered":"<p>Con Metricool puedes programar publicaciones y administrar varias cuentas de redes sociales desde un solo lugar:<\/p>\n<div class=\"col2\">\n<strong>Incluye:<\/strong><\/p>\n<p><i class=\"fa fa-check-square-o\" aria-hidden=\"true\"><\/i> Planificador de redes sociales<br \/>\n<i class=\"fa fa-check-square-o\" aria-hidden=\"true\"><\/i> An\u00e1lisis de resultados de redes<br \/>\n<i class=\"fa fa-check-square-o\" aria-hidden=\"true\"><\/i> Informes de redes para clientes<br \/>\n<i class=\"fa fa-check-square-o\" aria-hidden=\"true\"><\/i> \ud83c\udd95 Asistente de inteligencia artificial<br \/>\n<i class=\"fa fa-check-square-o\" aria-hidden=\"true\"><\/i> Mejores horarios para publicar<\/p>\n<p><i class=\"fa fa-check-square-o\" aria-hidden=\"true\"><\/i> Linktree en Instagram (SmartLinks)<br \/>\n<i class=\"fa fa-check-square-o\" aria-hidden=\"true\"><\/i> Crea campa\u00f1as de anuncios (Ads)<br \/>\n<i class=\"fa fa-check-square-o\" aria-hidden=\"true\"><\/i> Inbox centralizado<br \/>\n<i class=\"fa fa-check-square-o\" aria-hidden=\"true\"><\/i> Anal\u00edtica web \/ blog (adem\u00e1s de redes)\n<\/div>\n<div class=\"col2\">\n<strong>Alternativa a:<\/strong><\/p>\n<p><i class=\"fa fa-desktop\" aria-hidden=\"true\"><\/i> Buffer, Hootsuite, Postcron<\/p>\n<p><strong>Detalles:<\/strong><\/p>\n<p><i class=\"fa fa-desktop\" aria-hidden=\"true\"><\/i> Funciona en cualquier navegador<br \/>\n<i class=\"fa fa-credit-card\" aria-hidden=\"true\"><\/i> Plan Free y Plan PRO<br \/>\n<i class=\"fa fa-refresh\" aria-hidden=\"true\"><\/i> Incorporaci\u00f3n de nuevas redes sociales<br \/>\n<i class=\"fa fa-user\" aria-hidden=\"true\"><\/i> Soporte y ayuda: Metricool\n<\/div>\n<div class=\"blue-promo-box\" style=\"clear:both;\">\n<p>Usa mi C\u00f3digo y disfruta de <strong>30 d\u00edas Gratis de Metricool Plan PRO.<br \/>\n(C\u00f3digo: PENDINO25)<\/strong><\/p>\n<\/div>\n","protected":false},"featured_media":21171,"comment_status":"closed","ping_status":"closed","template":"","meta":[],"product_brand":[],"product_cat":[369],"product_tag":[],"class_list":{"0":"post-21170","1":"product","2":"type-product","3":"status-publish","4":"has-post-thumbnail","6":"product_cat-herramientas","8":"first","9":"instock","10":"sale","11":"sold-individually","12":"shipping-taxable","13":"product-type-external"},"yoast_head":"<!-- This site is optimized with the Yoast SEO plugin v27.4 - https:\/\/yoast.com\/product\/yoast-seo-wordpress\/ -->\n<title>METRICOOL | Automatizar Redes Sociales con un Planificador \ud83e\udd47<\/title>\n<meta name=\"description\" content=\"Metricool es un Planificador de Redes Sociales, Anal\u00edtica Web y Reportes de m\u00e9tricas de Redes: seguidores, engagement, vistas, etc \u2705 \u00a1Ver M\u00e1s!\" \/>\n<meta name=\"robots\" content=\"index, follow, max-snippet:-1, max-image-preview:large, max-video-preview:-1\" \/>\n<link rel=\"canonical\" href=\"https:\/\/sebastianpendino.com\/academy\/recursos\/metricool\/\" \/>\n<meta property=\"og:locale\" content=\"es_ES\" \/>\n<meta property=\"og:type\" content=\"article\" \/>\n<meta property=\"og:title\" content=\"METRICOOL | Automatizar Redes Sociales con un Planificador \ud83e\udd47\" \/>\n<meta property=\"og:description\" content=\"Metricool es un Planificador de Redes Sociales, Anal\u00edtica Web y Reportes de m\u00e9tricas de Redes: seguidores, engagement, vistas, etc \u2705 \u00a1Ver M\u00e1s!\" \/>\n<meta property=\"og:url\" content=\"https:\/\/sebastianpendino.com\/academy\/recursos\/metricool\/\" \/>\n<meta property=\"og:site_name\" content=\"Sebasti\u00e1n Pendino - Academy\" \/>\n<meta property=\"article:publisher\" content=\"https:\/\/www.facebook.com\/sebapendino\" \/>\n<meta property=\"article:modified_time\" content=\"2025-04-11T20:18:20+00:00\" \/>\n<meta property=\"og:image\" content=\"https:\/\/sebastianpendino.com\/academy\/wp-content\/uploads\/2023\/01\/metricool-automatizar-redes-sociales-y-analitica.webp\" \/>\n\t<meta property=\"og:image:width\" content=\"800\" \/>\n\t<meta property=\"og:image:height\" content=\"643\" \/>\n\t<meta property=\"og:image:type\" content=\"image\/webp\" \/>\n<meta name=\"twitter:card\" content=\"summary_large_image\" \/>\n<meta name=\"twitter:site\" content=\"@SebaPendino\" \/>\n<script type=\"application\/ld+json\" class=\"yoast-schema-graph\">{\"@context\":\"https:\\\/\\\/schema.org\",\"@graph\":[{\"@type\":\"WebPage\",\"@id\":\"https:\\\/\\\/sebastianpendino.com\\\/academy\\\/recursos\\\/metricool\\\/\",\"url\":\"https:\\\/\\\/sebastianpendino.com\\\/academy\\\/recursos\\\/metricool\\\/\",\"name\":\"METRICOOL | Automatizar Redes Sociales con un Planificador \ud83e\udd47\",\"isPartOf\":{\"@id\":\"https:\\\/\\\/sebastianpendino.com\\\/academy\\\/#website\"},\"primaryImageOfPage\":{\"@id\":\"https:\\\/\\\/sebastianpendino.com\\\/academy\\\/recursos\\\/metricool\\\/#primaryimage\"},\"image\":{\"@id\":\"https:\\\/\\\/sebastianpendino.com\\\/academy\\\/recursos\\\/metricool\\\/#primaryimage\"},\"thumbnailUrl\":\"https:\\\/\\\/sebastianpendino.com\\\/academy\\\/wp-content\\\/uploads\\\/2023\\\/01\\\/metricool-automatizar-redes-sociales-y-analitica.webp\",\"datePublished\":\"2023-01-30T11:54:58+00:00\",\"dateModified\":\"2025-04-11T20:18:20+00:00\",\"description\":\"Metricool es un Planificador de Redes Sociales, Anal\u00edtica Web y Reportes de m\u00e9tricas de Redes: seguidores, engagement, vistas, etc \u2705 \u00a1Ver M\u00e1s!\",\"breadcrumb\":{\"@id\":\"https:\\\/\\\/sebastianpendino.com\\\/academy\\\/recursos\\\/metricool\\\/#breadcrumb\"},\"inLanguage\":\"es\",\"potentialAction\":[{\"@type\":\"ReadAction\",\"target\":[\"https:\\\/\\\/sebastianpendino.com\\\/academy\\\/recursos\\\/metricool\\\/\"]}]},{\"@type\":\"ImageObject\",\"inLanguage\":\"es\",\"@id\":\"https:\\\/\\\/sebastianpendino.com\\\/academy\\\/recursos\\\/metricool\\\/#primaryimage\",\"url\":\"https:\\\/\\\/sebastianpendino.com\\\/academy\\\/wp-content\\\/uploads\\\/2023\\\/01\\\/metricool-automatizar-redes-sociales-y-analitica.webp\",\"contentUrl\":\"https:\\\/\\\/sebastianpendino.com\\\/academy\\\/wp-content\\\/uploads\\\/2023\\\/01\\\/metricool-automatizar-redes-sociales-y-analitica.webp\",\"width\":800,\"height\":643,\"caption\":\"metricool-automatizar-redes-sociales-y-analitica\"},{\"@type\":\"BreadcrumbList\",\"@id\":\"https:\\\/\\\/sebastianpendino.com\\\/academy\\\/recursos\\\/metricool\\\/#breadcrumb\",\"itemListElement\":[{\"@type\":\"ListItem\",\"position\":1,\"name\":\"Inicio\",\"item\":\"https:\\\/\\\/sebastianpendino.com\\\/academy\\\/\"},{\"@type\":\"ListItem\",\"position\":2,\"name\":\"Shop\",\"item\":\"https:\\\/\\\/sebastianpendino.com\\\/academy\\\/shop\\\/\"},{\"@type\":\"ListItem\",\"position\":3,\"name\":\"Herramientas\",\"item\":\"https:\\\/\\\/sebastianpendino.com\\\/academy\\\/recurso\\\/herramientas\\\/\"},{\"@type\":\"ListItem\",\"position\":4,\"name\":\"Metricool (Planificador de Redes Sociales)\"}]},{\"@type\":\"WebSite\",\"@id\":\"https:\\\/\\\/sebastianpendino.com\\\/academy\\\/#website\",\"url\":\"https:\\\/\\\/sebastianpendino.com\\\/academy\\\/\",\"name\":\"Sebasti\u00e1n Pendino - Academy\",\"description\":\"Recursos de Marketing Digital y Negocios Online\",\"publisher\":{\"@id\":\"https:\\\/\\\/sebastianpendino.com\\\/academy\\\/#organization\"},\"alternateName\":\"Seba Pendino - Academy\",\"potentialAction\":[{\"@type\":\"SearchAction\",\"target\":{\"@type\":\"EntryPoint\",\"urlTemplate\":\"https:\\\/\\\/sebastianpendino.com\\\/academy\\\/?s={search_term_string}\"},\"query-input\":{\"@type\":\"PropertyValueSpecification\",\"valueRequired\":true,\"valueName\":\"search_term_string\"}}],\"inLanguage\":\"es\"},{\"@type\":\"Organization\",\"@id\":\"https:\\\/\\\/sebastianpendino.com\\\/academy\\\/#organization\",\"name\":\"Sebasti\u00e1n Pendino - Academy\",\"alternateName\":\"Cursos para emprendedores\",\"url\":\"https:\\\/\\\/sebastianpendino.com\\\/academy\\\/\",\"logo\":{\"@type\":\"ImageObject\",\"inLanguage\":\"es\",\"@id\":\"https:\\\/\\\/sebastianpendino.com\\\/academy\\\/#\\\/schema\\\/logo\\\/image\\\/\",\"url\":\"https:\\\/\\\/sebastianpendino.com\\\/academy\\\/wp-content\\\/uploads\\\/2024\\\/12\\\/sp-logo-academy-358x70-1.webp\",\"contentUrl\":\"https:\\\/\\\/sebastianpendino.com\\\/academy\\\/wp-content\\\/uploads\\\/2024\\\/12\\\/sp-logo-academy-358x70-1.webp\",\"width\":358,\"height\":70,\"caption\":\"Sebasti\u00e1n Pendino - Academy\"},\"image\":{\"@id\":\"https:\\\/\\\/sebastianpendino.com\\\/academy\\\/#\\\/schema\\\/logo\\\/image\\\/\"},\"sameAs\":[\"https:\\\/\\\/www.facebook.com\\\/sebapendino\",\"https:\\\/\\\/x.com\\\/SebaPendino\",\"https:\\\/\\\/www.linkedin.com\\\/in\\\/sebastianpendino\",\"https:\\\/\\\/www.youtube.com\\\/c\\\/sebastianpendino\"]}]}<\/script>\n<!-- \/ Yoast SEO plugin. -->","yoast_head_json":{"title":"METRICOOL | Automatizar Redes Sociales con un Planificador \ud83e\udd47","description":"Metricool es un Planificador de Redes Sociales, Anal\u00edtica Web y Reportes de m\u00e9tricas de Redes: seguidores, engagement, vistas, etc \u2705 \u00a1Ver M\u00e1s!","robots":{"index":"index","follow":"follow","max-snippet":"max-snippet:-1","max-image-preview":"max-image-preview:large","max-video-preview":"max-video-preview:-1"},"canonical":"https:\/\/sebastianpendino.com\/academy\/recursos\/metricool\/","og_locale":"es_ES","og_type":"article","og_title":"METRICOOL | Automatizar Redes Sociales con un Planificador \ud83e\udd47","og_description":"Metricool es un Planificador de Redes Sociales, Anal\u00edtica Web y Reportes de m\u00e9tricas de Redes: seguidores, engagement, vistas, etc \u2705 \u00a1Ver M\u00e1s!","og_url":"https:\/\/sebastianpendino.com\/academy\/recursos\/metricool\/","og_site_name":"Sebasti\u00e1n Pendino - Academy","article_publisher":"https:\/\/www.facebook.com\/sebapendino","article_modified_time":"2025-04-11T20:18:20+00:00","og_image":[{"width":800,"height":643,"url":"https:\/\/sebastianpendino.com\/academy\/wp-content\/uploads\/2023\/01\/metricool-automatizar-redes-sociales-y-analitica.webp","type":"image\/webp"}],"twitter_card":"summary_large_image","twitter_site":"@SebaPendino","schema":{"@context":"https:\/\/schema.org","@graph":[{"@type":"WebPage","@id":"https:\/\/sebastianpendino.com\/academy\/recursos\/metricool\/","url":"https:\/\/sebastianpendino.com\/academy\/recursos\/metricool\/","name":"METRICOOL | Automatizar Redes Sociales con un Planificador \ud83e\udd47","isPartOf":{"@id":"https:\/\/sebastianpendino.com\/academy\/#website"},"primaryImageOfPage":{"@id":"https:\/\/sebastianpendino.com\/academy\/recursos\/metricool\/#primaryimage"},"image":{"@id":"https:\/\/sebastianpendino.com\/academy\/recursos\/metricool\/#primaryimage"},"thumbnailUrl":"https:\/\/sebastianpendino.com\/academy\/wp-content\/uploads\/2023\/01\/metricool-automatizar-redes-sociales-y-analitica.webp","datePublished":"2023-01-30T11:54:58+00:00","dateModified":"2025-04-11T20:18:20+00:00","description":"Metricool es un Planificador de Redes Sociales, Anal\u00edtica Web y Reportes de m\u00e9tricas de Redes: seguidores, engagement, vistas, etc \u2705 \u00a1Ver M\u00e1s!","breadcrumb":{"@id":"https:\/\/sebastianpendino.com\/academy\/recursos\/metricool\/#breadcrumb"},"inLanguage":"es","potentialAction":[{"@type":"ReadAction","target":["https:\/\/sebastianpendino.com\/academy\/recursos\/metricool\/"]}]},{"@type":"ImageObject","inLanguage":"es","@id":"https:\/\/sebastianpendino.com\/academy\/recursos\/metricool\/#primaryimage","url":"https:\/\/sebastianpendino.com\/academy\/wp-content\/uploads\/2023\/01\/metricool-automatizar-redes-sociales-y-analitica.webp","contentUrl":"https:\/\/sebastianpendino.com\/academy\/wp-content\/uploads\/2023\/01\/metricool-automatizar-redes-sociales-y-analitica.webp","width":800,"height":643,"caption":"metricool-automatizar-redes-sociales-y-analitica"},{"@type":"BreadcrumbList","@id":"https:\/\/sebastianpendino.com\/academy\/recursos\/metricool\/#breadcrumb","itemListElement":[{"@type":"ListItem","position":1,"name":"Inicio","item":"https:\/\/sebastianpendino.com\/academy\/"},{"@type":"ListItem","position":2,"name":"Shop","item":"https:\/\/sebastianpendino.com\/academy\/shop\/"},{"@type":"ListItem","position":3,"name":"Herramientas","item":"https:\/\/sebastianpendino.com\/academy\/recurso\/herramientas\/"},{"@type":"ListItem","position":4,"name":"Metricool (Planificador de Redes Sociales)"}]},{"@type":"WebSite","@id":"https:\/\/sebastianpendino.com\/academy\/#website","url":"https:\/\/sebastianpendino.com\/academy\/","name":"Sebasti\u00e1n Pendino - Academy","description":"Recursos de Marketing Digital y Negocios Online","publisher":{"@id":"https:\/\/sebastianpendino.com\/academy\/#organization"},"alternateName":"Seba Pendino - Academy","potentialAction":[{"@type":"SearchAction","target":{"@type":"EntryPoint","urlTemplate":"https:\/\/sebastianpendino.com\/academy\/?s={search_term_string}"},"query-input":{"@type":"PropertyValueSpecification","valueRequired":true,"valueName":"search_term_string"}}],"inLanguage":"es"},{"@type":"Organization","@id":"https:\/\/sebastianpendino.com\/academy\/#organization","name":"Sebasti\u00e1n Pendino - Academy","alternateName":"Cursos para emprendedores","url":"https:\/\/sebastianpendino.com\/academy\/","logo":{"@type":"ImageObject","inLanguage":"es","@id":"https:\/\/sebastianpendino.com\/academy\/#\/schema\/logo\/image\/","url":"https:\/\/sebastianpendino.com\/academy\/wp-content\/uploads\/2024\/12\/sp-logo-academy-358x70-1.webp","contentUrl":"https:\/\/sebastianpendino.com\/academy\/wp-content\/uploads\/2024\/12\/sp-logo-academy-358x70-1.webp","width":358,"height":70,"caption":"Sebasti\u00e1n Pendino - Academy"},"image":{"@id":"https:\/\/sebastianpendino.com\/academy\/#\/schema\/logo\/image\/"},"sameAs":["https:\/\/www.facebook.com\/sebapendino","https:\/\/x.com\/SebaPendino","https:\/\/www.linkedin.com\/in\/sebastianpendino","https:\/\/www.youtube.com\/c\/sebastianpendino"]}]}},"_links":{"self":[{"href":"https:\/\/sebastianpendino.com\/academy\/wp-json\/wp\/v2\/product\/21170","targetHints":{"allow":["GET"]}}],"collection":[{"href":"https:\/\/sebastianpendino.com\/academy\/wp-json\/wp\/v2\/product"}],"about":[{"href":"https:\/\/sebastianpendino.com\/academy\/wp-json\/wp\/v2\/types\/product"}],"replies":[{"embeddable":true,"href":"https:\/\/sebastianpendino.com\/academy\/wp-json\/wp\/v2\/comments?post=21170"}],"wp:featuredmedia":[{"embeddable":true,"href":"https:\/\/sebastianpendino.com\/academy\/wp-json\/wp\/v2\/media\/21171"}],"wp:attachment":[{"href":"https:\/\/sebastianpendino.com\/academy\/wp-json\/wp\/v2\/media?parent=21170"}],"wp:term":[{"taxonomy":"product_brand","embeddable":true,"href":"https:\/\/sebastianpendino.com\/academy\/wp-json\/wp\/v2\/product_brand?post=21170"},{"taxonomy":"product_cat","embeddable":true,"href":"https:\/\/sebastianpendino.com\/academy\/wp-json\/wp\/v2\/product_cat?post=21170"},{"taxonomy":"product_tag","embeddable":true,"href":"https:\/\/sebastianpendino.com\/academy\/wp-json\/wp\/v2\/product_tag?post=21170"}],"curies":[{"name":"wp","href":"https:\/\/api.w.org\/{rel}","templated":true}]}}