{"id":20253,"date":"2021-07-02T10:37:36","date_gmt":"2021-07-02T13:37:36","guid":{"rendered":"https:\/\/sebastianpendino.com\/academy\/?post_type=product&#038;p=20253"},"modified":"2025-07-04T13:14:47","modified_gmt":"2025-07-04T16:14:47","slug":"curso-storytelling","status":"publish","type":"product","link":"https:\/\/sebastianpendino.com\/academy\/recursos\/curso-storytelling\/","title":{"rendered":"Curso Estructuras de Storytelling para Marketing"},"content":{"rendered":"<p><strong>Curso de storytelling<\/strong> pensado para quien desee crear, mejorar o dar forma a su historia con t\u00e9cnicas probadas de storytelling.<\/p>\n<p><strong>\u00bfQu\u00e9 es el storytelling?<\/strong> Storytelling es el arte de contar una historia. En marketing usamos la t\u00e9cnica del storytelling para conectar con tus usuarios, clientes actuales y potenciales, con el mensaje que est\u00e1s transmitiendo.<\/p>\n<p><strong>OBJETIVOS DE ESTE CURSO:<\/strong><\/p>\n<ul>\n<li><strong>Objetivo 1:<\/strong> crear una historia que impulse y se relacione con tu producto, infoproducto o servicio.<\/li>\n<li><strong>Objetivo 2:<\/strong> saber contar tu historia para lanzamientos, entrevistas, presentaciones frente a una audiencia.<\/li>\n<li><strong>Objetivo 3:<\/strong> poder asesorar a tus clientes y guiarles para que creen sus propias historias.<\/li>\n<\/ul>\n<p><strong>DIRIGIDO A:<\/strong><\/p>\n<ul>\n<li>Profesionales, emprendedores, autores, coaches, consultores, mentores, infoproductores.<\/li>\n<\/ul>\n","protected":false},"excerpt":{"rendered":"<p>Cuenta tu historia y lanza tu infoproducto o servicio. Accede ahora al curso de storytelling:<\/p>\n<div class=\"col2\">\n<strong>Incluye:<\/strong><br \/>\n<i class=\"fa fa-video-camera\" aria-hidden=\"true\"><\/i> 9 clases en v\u00eddeo<br \/>\n<i class=\"fa fa-clock-o\" aria-hidden=\"true\"><\/i> 1 horas de clases<br \/>\n<i class=\"fa fa-file-text-o\" aria-hidden=\"true\"><\/i> 6 hojas de trabajo<br \/>\n<i class=\"fa fa-certificate\" aria-hidden=\"true\"><\/i> Certificado del curso PDF<\/p>\n<\/div>\n<div class=\"col2\">\n<strong>Detalles:<\/strong><br \/>\n<i class=\"fa fa-key\" aria-hidden=\"true\"><\/i> Acceso de por vida<br \/>\n<i class=\"fa fa-check-square-o\" aria-hidden=\"true\"><\/i> Acceso instant\u00e1neo<br \/>\n<i class=\"fa fa-certificate\" aria-hidden=\"true\"><\/i> Garant\u00eda devoluci\u00f3n 30 d\u00edas<\/p>\n<\/div>\n","protected":false},"featured_media":20296,"comment_status":"open","ping_status":"closed","template":"","meta":[],"product_brand":[],"product_cat":[516],"product_tag":[],"class_list":{"0":"post-20253","1":"product","2":"type-product","3":"status-publish","4":"has-post-thumbnail","6":"product_cat-cursos","8":"first","9":"instock","10":"sale","11":"virtual","12":"sold-individually","13":"purchasable","14":"product-type-simple"},"yoast_head":"<!-- This site is optimized with the Yoast SEO plugin v27.4 - https:\/\/yoast.com\/product\/yoast-seo-wordpress\/ -->\n<title>\u270d\ufe0f Curso de Storytelling | Crea tu Historia y lanza tu Infoproducto o servicio<\/title>\n<meta name=\"description\" content=\"Curso de Storytelling. Aprende a crear tu historia con \u2705 Estructuras de Storytelling 100% Probadas. Lanza tu producto o servicio \u00bb\u00a1Ver m\u00e1s!\" \/>\n<meta name=\"robots\" content=\"index, follow, max-snippet:-1, max-image-preview:large, max-video-preview:-1\" \/>\n<link rel=\"canonical\" href=\"https:\/\/sebastianpendino.com\/academy\/recursos\/curso-storytelling\/\" \/>\n<meta property=\"og:locale\" content=\"es_ES\" \/>\n<meta property=\"og:type\" content=\"article\" \/>\n<meta property=\"og:title\" content=\"\u270d\ufe0f Curso de Storytelling | Crea tu Historia y lanza tu Infoproducto o servicio\" \/>\n<meta property=\"og:description\" content=\"Curso de Storytelling. Aprende a crear tu historia con \u2705 Estructuras de Storytelling 100% Probadas. Lanza tu producto o servicio \u00bb\u00a1Ver m\u00e1s!\" \/>\n<meta property=\"og:url\" content=\"https:\/\/sebastianpendino.com\/academy\/recursos\/curso-storytelling\/\" \/>\n<meta property=\"og:site_name\" content=\"Sebasti\u00e1n Pendino - Academy\" \/>\n<meta property=\"article:publisher\" content=\"https:\/\/www.facebook.com\/sebapendino\" \/>\n<meta property=\"article:modified_time\" content=\"2025-07-04T16:14:47+00:00\" \/>\n<meta property=\"og:image\" content=\"https:\/\/sebastianpendino.com\/academy\/wp-content\/uploads\/2021\/07\/curso-storytelling-online-opt.png\" \/>\n\t<meta property=\"og:image:width\" content=\"800\" \/>\n\t<meta property=\"og:image:height\" content=\"643\" \/>\n\t<meta property=\"og:image:type\" content=\"image\/png\" \/>\n<meta name=\"twitter:card\" content=\"summary_large_image\" \/>\n<meta name=\"twitter:site\" content=\"@SebaPendino\" \/>\n<script type=\"application\/ld+json\" class=\"yoast-schema-graph\">{\"@context\":\"https:\\\/\\\/schema.org\",\"@graph\":[{\"@type\":\"WebPage\",\"@id\":\"https:\\\/\\\/sebastianpendino.com\\\/academy\\\/recursos\\\/curso-storytelling\\\/\",\"url\":\"https:\\\/\\\/sebastianpendino.com\\\/academy\\\/recursos\\\/curso-storytelling\\\/\",\"name\":\"\u270d\ufe0f Curso de Storytelling | Crea tu Historia y lanza tu Infoproducto o servicio\",\"isPartOf\":{\"@id\":\"https:\\\/\\\/sebastianpendino.com\\\/academy\\\/#website\"},\"primaryImageOfPage\":{\"@id\":\"https:\\\/\\\/sebastianpendino.com\\\/academy\\\/recursos\\\/curso-storytelling\\\/#primaryimage\"},\"image\":{\"@id\":\"https:\\\/\\\/sebastianpendino.com\\\/academy\\\/recursos\\\/curso-storytelling\\\/#primaryimage\"},\"thumbnailUrl\":\"https:\\\/\\\/sebastianpendino.com\\\/academy\\\/wp-content\\\/uploads\\\/2021\\\/07\\\/curso-storytelling-online-opt.png\",\"datePublished\":\"2021-07-02T13:37:36+00:00\",\"dateModified\":\"2025-07-04T16:14:47+00:00\",\"description\":\"Curso de Storytelling. Aprende a crear tu historia con \u2705 Estructuras de Storytelling 100% Probadas. Lanza tu producto o servicio \u00bb\u00a1Ver m\u00e1s!\",\"breadcrumb\":{\"@id\":\"https:\\\/\\\/sebastianpendino.com\\\/academy\\\/recursos\\\/curso-storytelling\\\/#breadcrumb\"},\"inLanguage\":\"es\",\"potentialAction\":[{\"@type\":\"ReadAction\",\"target\":[\"https:\\\/\\\/sebastianpendino.com\\\/academy\\\/recursos\\\/curso-storytelling\\\/\"]}]},{\"@type\":\"ImageObject\",\"inLanguage\":\"es\",\"@id\":\"https:\\\/\\\/sebastianpendino.com\\\/academy\\\/recursos\\\/curso-storytelling\\\/#primaryimage\",\"url\":\"https:\\\/\\\/sebastianpendino.com\\\/academy\\\/wp-content\\\/uploads\\\/2021\\\/07\\\/curso-storytelling-online-opt.png\",\"contentUrl\":\"https:\\\/\\\/sebastianpendino.com\\\/academy\\\/wp-content\\\/uploads\\\/2021\\\/07\\\/curso-storytelling-online-opt.png\",\"width\":800,\"height\":643,\"caption\":\"Curso de Storytelling: crea tu historia y conecta con tu audiencia.\"},{\"@type\":\"BreadcrumbList\",\"@id\":\"https:\\\/\\\/sebastianpendino.com\\\/academy\\\/recursos\\\/curso-storytelling\\\/#breadcrumb\",\"itemListElement\":[{\"@type\":\"ListItem\",\"position\":1,\"name\":\"Inicio\",\"item\":\"https:\\\/\\\/sebastianpendino.com\\\/academy\\\/\"},{\"@type\":\"ListItem\",\"position\":2,\"name\":\"Shop\",\"item\":\"https:\\\/\\\/sebastianpendino.com\\\/academy\\\/shop\\\/\"},{\"@type\":\"ListItem\",\"position\":3,\"name\":\"Cursos y Workshops\",\"item\":\"https:\\\/\\\/sebastianpendino.com\\\/academy\\\/recurso\\\/cursos\\\/\"},{\"@type\":\"ListItem\",\"position\":4,\"name\":\"Curso de Storytelling: Crea historias que conectan.\"}]},{\"@type\":\"WebSite\",\"@id\":\"https:\\\/\\\/sebastianpendino.com\\\/academy\\\/#website\",\"url\":\"https:\\\/\\\/sebastianpendino.com\\\/academy\\\/\",\"name\":\"Sebasti\u00e1n Pendino - Academy\",\"description\":\"Recursos de Marketing Digital y Negocios Online\",\"publisher\":{\"@id\":\"https:\\\/\\\/sebastianpendino.com\\\/academy\\\/#organization\"},\"alternateName\":\"Seba Pendino - Academy\",\"potentialAction\":[{\"@type\":\"SearchAction\",\"target\":{\"@type\":\"EntryPoint\",\"urlTemplate\":\"https:\\\/\\\/sebastianpendino.com\\\/academy\\\/?s={search_term_string}\"},\"query-input\":{\"@type\":\"PropertyValueSpecification\",\"valueRequired\":true,\"valueName\":\"search_term_string\"}}],\"inLanguage\":\"es\"},{\"@type\":\"Organization\",\"@id\":\"https:\\\/\\\/sebastianpendino.com\\\/academy\\\/#organization\",\"name\":\"Sebasti\u00e1n Pendino - Academy\",\"alternateName\":\"Cursos para emprendedores\",\"url\":\"https:\\\/\\\/sebastianpendino.com\\\/academy\\\/\",\"logo\":{\"@type\":\"ImageObject\",\"inLanguage\":\"es\",\"@id\":\"https:\\\/\\\/sebastianpendino.com\\\/academy\\\/#\\\/schema\\\/logo\\\/image\\\/\",\"url\":\"https:\\\/\\\/sebastianpendino.com\\\/academy\\\/wp-content\\\/uploads\\\/2024\\\/12\\\/sp-logo-academy-358x70-1.webp\",\"contentUrl\":\"https:\\\/\\\/sebastianpendino.com\\\/academy\\\/wp-content\\\/uploads\\\/2024\\\/12\\\/sp-logo-academy-358x70-1.webp\",\"width\":358,\"height\":70,\"caption\":\"Sebasti\u00e1n Pendino - Academy\"},\"image\":{\"@id\":\"https:\\\/\\\/sebastianpendino.com\\\/academy\\\/#\\\/schema\\\/logo\\\/image\\\/\"},\"sameAs\":[\"https:\\\/\\\/www.facebook.com\\\/sebapendino\",\"https:\\\/\\\/x.com\\\/SebaPendino\",\"https:\\\/\\\/www.linkedin.com\\\/in\\\/sebastianpendino\",\"https:\\\/\\\/www.youtube.com\\\/c\\\/sebastianpendino\"]}]}<\/script>\n<!-- \/ Yoast SEO plugin. -->","yoast_head_json":{"title":"\u270d\ufe0f Curso de Storytelling | Crea tu Historia y lanza tu Infoproducto o servicio","description":"Curso de Storytelling. Aprende a crear tu historia con \u2705 Estructuras de Storytelling 100% Probadas. Lanza tu producto o servicio \u00bb\u00a1Ver m\u00e1s!","robots":{"index":"index","follow":"follow","max-snippet":"max-snippet:-1","max-image-preview":"max-image-preview:large","max-video-preview":"max-video-preview:-1"},"canonical":"https:\/\/sebastianpendino.com\/academy\/recursos\/curso-storytelling\/","og_locale":"es_ES","og_type":"article","og_title":"\u270d\ufe0f Curso de Storytelling | Crea tu Historia y lanza tu Infoproducto o servicio","og_description":"Curso de Storytelling. Aprende a crear tu historia con \u2705 Estructuras de Storytelling 100% Probadas. Lanza tu producto o servicio \u00bb\u00a1Ver m\u00e1s!","og_url":"https:\/\/sebastianpendino.com\/academy\/recursos\/curso-storytelling\/","og_site_name":"Sebasti\u00e1n Pendino - Academy","article_publisher":"https:\/\/www.facebook.com\/sebapendino","article_modified_time":"2025-07-04T16:14:47+00:00","og_image":[{"width":800,"height":643,"url":"https:\/\/sebastianpendino.com\/academy\/wp-content\/uploads\/2021\/07\/curso-storytelling-online-opt.png","type":"image\/png"}],"twitter_card":"summary_large_image","twitter_site":"@SebaPendino","schema":{"@context":"https:\/\/schema.org","@graph":[{"@type":"WebPage","@id":"https:\/\/sebastianpendino.com\/academy\/recursos\/curso-storytelling\/","url":"https:\/\/sebastianpendino.com\/academy\/recursos\/curso-storytelling\/","name":"\u270d\ufe0f Curso de Storytelling | Crea tu Historia y lanza tu Infoproducto o servicio","isPartOf":{"@id":"https:\/\/sebastianpendino.com\/academy\/#website"},"primaryImageOfPage":{"@id":"https:\/\/sebastianpendino.com\/academy\/recursos\/curso-storytelling\/#primaryimage"},"image":{"@id":"https:\/\/sebastianpendino.com\/academy\/recursos\/curso-storytelling\/#primaryimage"},"thumbnailUrl":"https:\/\/sebastianpendino.com\/academy\/wp-content\/uploads\/2021\/07\/curso-storytelling-online-opt.png","datePublished":"2021-07-02T13:37:36+00:00","dateModified":"2025-07-04T16:14:47+00:00","description":"Curso de Storytelling. Aprende a crear tu historia con \u2705 Estructuras de Storytelling 100% Probadas. Lanza tu producto o servicio \u00bb\u00a1Ver m\u00e1s!","breadcrumb":{"@id":"https:\/\/sebastianpendino.com\/academy\/recursos\/curso-storytelling\/#breadcrumb"},"inLanguage":"es","potentialAction":[{"@type":"ReadAction","target":["https:\/\/sebastianpendino.com\/academy\/recursos\/curso-storytelling\/"]}]},{"@type":"ImageObject","inLanguage":"es","@id":"https:\/\/sebastianpendino.com\/academy\/recursos\/curso-storytelling\/#primaryimage","url":"https:\/\/sebastianpendino.com\/academy\/wp-content\/uploads\/2021\/07\/curso-storytelling-online-opt.png","contentUrl":"https:\/\/sebastianpendino.com\/academy\/wp-content\/uploads\/2021\/07\/curso-storytelling-online-opt.png","width":800,"height":643,"caption":"Curso de Storytelling: crea tu historia y conecta con tu audiencia."},{"@type":"BreadcrumbList","@id":"https:\/\/sebastianpendino.com\/academy\/recursos\/curso-storytelling\/#breadcrumb","itemListElement":[{"@type":"ListItem","position":1,"name":"Inicio","item":"https:\/\/sebastianpendino.com\/academy\/"},{"@type":"ListItem","position":2,"name":"Shop","item":"https:\/\/sebastianpendino.com\/academy\/shop\/"},{"@type":"ListItem","position":3,"name":"Cursos y Workshops","item":"https:\/\/sebastianpendino.com\/academy\/recurso\/cursos\/"},{"@type":"ListItem","position":4,"name":"Curso de Storytelling: Crea historias que conectan."}]},{"@type":"WebSite","@id":"https:\/\/sebastianpendino.com\/academy\/#website","url":"https:\/\/sebastianpendino.com\/academy\/","name":"Sebasti\u00e1n Pendino - Academy","description":"Recursos de Marketing Digital y Negocios Online","publisher":{"@id":"https:\/\/sebastianpendino.com\/academy\/#organization"},"alternateName":"Seba Pendino - Academy","potentialAction":[{"@type":"SearchAction","target":{"@type":"EntryPoint","urlTemplate":"https:\/\/sebastianpendino.com\/academy\/?s={search_term_string}"},"query-input":{"@type":"PropertyValueSpecification","valueRequired":true,"valueName":"search_term_string"}}],"inLanguage":"es"},{"@type":"Organization","@id":"https:\/\/sebastianpendino.com\/academy\/#organization","name":"Sebasti\u00e1n Pendino - Academy","alternateName":"Cursos para emprendedores","url":"https:\/\/sebastianpendino.com\/academy\/","logo":{"@type":"ImageObject","inLanguage":"es","@id":"https:\/\/sebastianpendino.com\/academy\/#\/schema\/logo\/image\/","url":"https:\/\/sebastianpendino.com\/academy\/wp-content\/uploads\/2024\/12\/sp-logo-academy-358x70-1.webp","contentUrl":"https:\/\/sebastianpendino.com\/academy\/wp-content\/uploads\/2024\/12\/sp-logo-academy-358x70-1.webp","width":358,"height":70,"caption":"Sebasti\u00e1n Pendino - Academy"},"image":{"@id":"https:\/\/sebastianpendino.com\/academy\/#\/schema\/logo\/image\/"},"sameAs":["https:\/\/www.facebook.com\/sebapendino","https:\/\/x.com\/SebaPendino","https:\/\/www.linkedin.com\/in\/sebastianpendino","https:\/\/www.youtube.com\/c\/sebastianpendino"]}]}},"_links":{"self":[{"href":"https:\/\/sebastianpendino.com\/academy\/wp-json\/wp\/v2\/product\/20253","targetHints":{"allow":["GET"]}}],"collection":[{"href":"https:\/\/sebastianpendino.com\/academy\/wp-json\/wp\/v2\/product"}],"about":[{"href":"https:\/\/sebastianpendino.com\/academy\/wp-json\/wp\/v2\/types\/product"}],"replies":[{"embeddable":true,"href":"https:\/\/sebastianpendino.com\/academy\/wp-json\/wp\/v2\/comments?post=20253"}],"wp:featuredmedia":[{"embeddable":true,"href":"https:\/\/sebastianpendino.com\/academy\/wp-json\/wp\/v2\/media\/20296"}],"wp:attachment":[{"href":"https:\/\/sebastianpendino.com\/academy\/wp-json\/wp\/v2\/media?parent=20253"}],"wp:term":[{"taxonomy":"product_brand","embeddable":true,"href":"https:\/\/sebastianpendino.com\/academy\/wp-json\/wp\/v2\/product_brand?post=20253"},{"taxonomy":"product_cat","embeddable":true,"href":"https:\/\/sebastianpendino.com\/academy\/wp-json\/wp\/v2\/product_cat?post=20253"},{"taxonomy":"product_tag","embeddable":true,"href":"https:\/\/sebastianpendino.com\/academy\/wp-json\/wp\/v2\/product_tag?post=20253"}],"curies":[{"name":"wp","href":"https:\/\/api.w.org\/{rel}","templated":true}]}}