{"id":20192,"date":"2021-06-28T11:24:14","date_gmt":"2021-06-28T14:24:14","guid":{"rendered":"https:\/\/sebastianpendino.com\/academy\/?post_type=product&#038;p=20192"},"modified":"2025-04-16T07:48:03","modified_gmt":"2025-04-16T10:48:03","slug":"remarcable","status":"publish","type":"product","link":"https:\/\/sebastianpendino.com\/academy\/recursos\/remarcable\/","title":{"rendered":"Curso de Marca Personal (ReMarcable)"},"content":{"rendered":"<p><strong>ReMarcable <\/strong>es el \u00fanico curso de marca personal que te permitir\u00e1 posicionarte como una <strong>autoridad <\/strong>en tu sector y generar la <strong>credibilidad <\/strong>necesaria para atraer (m\u00e1s) <strong>clientes <\/strong>y <strong>aumentar tus precios.<\/strong><\/p>\n<p>Esta formaci\u00f3n no es s\u00f3lo un curso de marca personal, es el resumen de<strong>\u00a0mis \u00faltimos 6 a\u00f1os viviendo de mi negocio de marca personal.<\/strong><\/p>\n<p>Remarcable* ordena en <strong>secuencia\u00a0<\/strong>toda la informaci\u00f3n que he aprendido, estudiado y ense\u00f1ado en la \u00faltima d\u00e9cada cuando pas\u00e9 de empleado primero, consultor para empresas despu\u00e9s, freelancer hasta finalmente, en 2014,\u00a0<strong>volverme mi propio jefe con mi marca personal<\/strong>.<\/p>\n<blockquote><p><strong>*ReMarcable<\/strong>\u00a0es un juego de palabras donde RE est\u00e1 por Reconocido, Relevante en tu sector y hasta por ReInventarte. Junto con la palabra en ingl\u00e9s\u00a0<em>\u00abremarkable\u00bb<\/em>, o sea: destacado, persona notable por su experiencia o logros, y con MARCA, este curso busca crear una marca personal que se destaque del mont\u00f3n para volverse un negocio rentable y sostenible en el tiempo.<\/p><\/blockquote>\n<p>Este curso est\u00e1 basado en mi experiencia, aciertos y errores, as\u00ed como en los \u00e9xitos de mis clientes y alumnos que\u00a0<strong>hemos logrado vivir de nuestra experiencia y conocimiento.<\/strong><\/p>\n<h4>QU\u00c9 PUEDES LOGRAR CON ESTE CURSO DE MARCA PERSONAL:<\/h4>\n<ul>\n<li><strong>Ser tu propio jefe<\/strong>\u00a0e independiente financieramente.<\/li>\n<li><strong>Tener m\u00e1s tiempo libre de calidad<\/strong>\u00a0para tu vida o para tu familia.<\/li>\n<li><strong>Conseguir clientes<\/strong>\u00a0de todas partes del mundo.<\/li>\n<li><strong>Diversificar<\/strong>\u00a0tus\u00a0<strong>ingresos y tus monedas de pago.<\/strong><\/li>\n<li><strong>Posicionar tu marca<\/strong>\u00a0como referente en el sector.<\/li>\n<li><strong>Ganar autoridad como especialista<\/strong>\u00a0de tu \u00e1rea.<\/li>\n<li><strong>Trabajar de lo que te gusta<\/strong>\u00a0y trascender en la vida de las personas.<\/li>\n<\/ul>\n","protected":false},"excerpt":{"rendered":"<div class=\"col2\">\n<strong>Incluye:<\/strong><br \/>\n<i class=\"fa fa-video-camera\" aria-hidden=\"true\"><\/i> 33 clases en v\u00eddeo<br \/>\n<i class=\"fa fa-clock-o\" aria-hidden=\"true\"><\/i> +7 horas de clases<br \/>\n<i class=\"fa fa-file-text-o\" aria-hidden=\"true\"><\/i> 8 hojas de trabajo<br \/>\n<i class=\"fa fa-gift\" aria-hidden=\"true\"><\/i> BONUS: Masterclass de expertos<br \/>\n<i class=\"fa fa-certificate\" aria-hidden=\"true\"><\/i> Certificado de finalizaci\u00f3n PDF<\/p>\n<\/div>\n<div class=\"col2\">\n<strong>Detalles:<\/strong><br \/>\n<i class=\"fa fa-key\" aria-hidden=\"true\"><\/i> Acceso de por vida<br \/>\n<i class=\"fa fa-check-square-o\" aria-hidden=\"true\"><\/i> Acceso instant\u00e1neo<br \/>\n<i class=\"fa fa-certificate\" aria-hidden=\"true\"><\/i> Garant\u00eda devoluci\u00f3n 30 d\u00edas<\/p>\n<\/div>\n","protected":false},"featured_media":20204,"comment_status":"closed","ping_status":"closed","template":"","meta":[],"product_brand":[],"product_cat":[516],"product_tag":[],"class_list":{"0":"post-20192","1":"product","2":"type-product","3":"status-publish","4":"has-post-thumbnail","6":"product_cat-cursos","8":"first","9":"instock","10":"sale","11":"virtual","12":"sold-individually","13":"purchasable","14":"product-type-simple"},"yoast_head":"<!-- This site is optimized with the Yoast SEO plugin v27.4 - https:\/\/yoast.com\/product\/yoast-seo-wordpress\/ -->\n<title>Curso de Marca Personal &quot;reMarcable&quot; \u2714\ufe0f por Sebasti\u00e1n Pendino<\/title>\n<meta name=\"description\" content=\"Curso de Marca Personal para crear tu negocio basado en tu experiencia y conocimiento. Personal Brand para mejorar tu Marketing Personal\" \/>\n<meta name=\"robots\" content=\"index, follow, max-snippet:-1, max-image-preview:large, max-video-preview:-1\" \/>\n<link rel=\"canonical\" href=\"https:\/\/sebastianpendino.com\/academy\/recursos\/remarcable\/\" \/>\n<meta property=\"og:locale\" content=\"es_ES\" \/>\n<meta property=\"og:type\" content=\"article\" \/>\n<meta property=\"og:title\" content=\"[Workshop] Automatizar el Marketing de tu Tienda Online WooCommerce\" \/>\n<meta property=\"og:description\" content=\"Workshop a partir de un webinar grabado en vivo enfocado en explicar las muchas herramientas que existen para automatizar el marketing de un WooCommerce.\" \/>\n<meta property=\"og:url\" content=\"https:\/\/sebastianpendino.com\/academy\/recursos\/remarcable\/\" \/>\n<meta property=\"og:site_name\" content=\"Sebasti\u00e1n Pendino - Academy\" \/>\n<meta property=\"article:publisher\" content=\"https:\/\/www.facebook.com\/sebapendino\" \/>\n<meta property=\"article:modified_time\" content=\"2025-04-16T10:48:03+00:00\" \/>\n<meta property=\"og:image\" content=\"https:\/\/sebastianpendino.com\/academy\/wp-content\/uploads\/2019\/02\/workshop-automatizar-tienda-online-woocommerce-opt.png\" \/>\n\t<meta property=\"og:image:width\" content=\"800\" \/>\n\t<meta property=\"og:image:height\" content=\"643\" \/>\n\t<meta property=\"og:image:type\" content=\"image\/png\" \/>\n<meta name=\"twitter:card\" content=\"summary_large_image\" \/>\n<meta name=\"twitter:title\" content=\"[Workshop] Automatizar el Marketing de tu Tienda Online WooCommerce\" \/>\n<meta name=\"twitter:description\" content=\"Workshop a partir de un webinar grabado en vivo enfocado en explicar las muchas herramientas que existen para automatizar el marketing de un WooCommerce.\" \/>\n<meta name=\"twitter:image\" content=\"https:\/\/sebastianpendino.com\/academy\/wp-content\/uploads\/2019\/02\/workshop-automatizar-tienda-online-woocommerce-opt.png\" \/>\n<meta name=\"twitter:site\" content=\"@SebaPendino\" \/>\n<script type=\"application\/ld+json\" class=\"yoast-schema-graph\">{\"@context\":\"https:\\\/\\\/schema.org\",\"@graph\":[{\"@type\":\"WebPage\",\"@id\":\"https:\\\/\\\/sebastianpendino.com\\\/academy\\\/recursos\\\/remarcable\\\/\",\"url\":\"https:\\\/\\\/sebastianpendino.com\\\/academy\\\/recursos\\\/remarcable\\\/\",\"name\":\"Curso de Marca Personal \\\"reMarcable\\\" \u2714\ufe0f por Sebasti\u00e1n Pendino\",\"isPartOf\":{\"@id\":\"https:\\\/\\\/sebastianpendino.com\\\/academy\\\/#website\"},\"primaryImageOfPage\":{\"@id\":\"https:\\\/\\\/sebastianpendino.com\\\/academy\\\/recursos\\\/remarcable\\\/#primaryimage\"},\"image\":{\"@id\":\"https:\\\/\\\/sebastianpendino.com\\\/academy\\\/recursos\\\/remarcable\\\/#primaryimage\"},\"thumbnailUrl\":\"https:\\\/\\\/sebastianpendino.com\\\/academy\\\/wp-content\\\/uploads\\\/2021\\\/06\\\/curso-online-marca-personal-remarcable-opt.png\",\"datePublished\":\"2021-06-28T14:24:14+00:00\",\"dateModified\":\"2025-04-16T10:48:03+00:00\",\"description\":\"Curso de Marca Personal para crear tu negocio basado en tu experiencia y conocimiento. Personal Brand para mejorar tu Marketing Personal\",\"breadcrumb\":{\"@id\":\"https:\\\/\\\/sebastianpendino.com\\\/academy\\\/recursos\\\/remarcable\\\/#breadcrumb\"},\"inLanguage\":\"es\",\"potentialAction\":[{\"@type\":\"ReadAction\",\"target\":[\"https:\\\/\\\/sebastianpendino.com\\\/academy\\\/recursos\\\/remarcable\\\/\"]}]},{\"@type\":\"ImageObject\",\"inLanguage\":\"es\",\"@id\":\"https:\\\/\\\/sebastianpendino.com\\\/academy\\\/recursos\\\/remarcable\\\/#primaryimage\",\"url\":\"https:\\\/\\\/sebastianpendino.com\\\/academy\\\/wp-content\\\/uploads\\\/2021\\\/06\\\/curso-online-marca-personal-remarcable-opt.png\",\"contentUrl\":\"https:\\\/\\\/sebastianpendino.com\\\/academy\\\/wp-content\\\/uploads\\\/2021\\\/06\\\/curso-online-marca-personal-remarcable-opt.png\",\"width\":800,\"height\":643,\"caption\":\"curso-online-marca-personal-remarcable\"},{\"@type\":\"BreadcrumbList\",\"@id\":\"https:\\\/\\\/sebastianpendino.com\\\/academy\\\/recursos\\\/remarcable\\\/#breadcrumb\",\"itemListElement\":[{\"@type\":\"ListItem\",\"position\":1,\"name\":\"Inicio\",\"item\":\"https:\\\/\\\/sebastianpendino.com\\\/academy\\\/\"},{\"@type\":\"ListItem\",\"position\":2,\"name\":\"Shop\",\"item\":\"https:\\\/\\\/sebastianpendino.com\\\/academy\\\/shop\\\/\"},{\"@type\":\"ListItem\",\"position\":3,\"name\":\"Cursos y Workshops\",\"item\":\"https:\\\/\\\/sebastianpendino.com\\\/academy\\\/recurso\\\/cursos\\\/\"},{\"@type\":\"ListItem\",\"position\":4,\"name\":\"Curso de Marca Personal (ReMarcable)\"}]},{\"@type\":\"WebSite\",\"@id\":\"https:\\\/\\\/sebastianpendino.com\\\/academy\\\/#website\",\"url\":\"https:\\\/\\\/sebastianpendino.com\\\/academy\\\/\",\"name\":\"Sebasti\u00e1n Pendino - Academy\",\"description\":\"Recursos de Marketing Digital y Negocios Online\",\"publisher\":{\"@id\":\"https:\\\/\\\/sebastianpendino.com\\\/academy\\\/#organization\"},\"alternateName\":\"Seba Pendino - Academy\",\"potentialAction\":[{\"@type\":\"SearchAction\",\"target\":{\"@type\":\"EntryPoint\",\"urlTemplate\":\"https:\\\/\\\/sebastianpendino.com\\\/academy\\\/?s={search_term_string}\"},\"query-input\":{\"@type\":\"PropertyValueSpecification\",\"valueRequired\":true,\"valueName\":\"search_term_string\"}}],\"inLanguage\":\"es\"},{\"@type\":\"Organization\",\"@id\":\"https:\\\/\\\/sebastianpendino.com\\\/academy\\\/#organization\",\"name\":\"Sebasti\u00e1n Pendino - Academy\",\"alternateName\":\"Cursos para emprendedores\",\"url\":\"https:\\\/\\\/sebastianpendino.com\\\/academy\\\/\",\"logo\":{\"@type\":\"ImageObject\",\"inLanguage\":\"es\",\"@id\":\"https:\\\/\\\/sebastianpendino.com\\\/academy\\\/#\\\/schema\\\/logo\\\/image\\\/\",\"url\":\"https:\\\/\\\/sebastianpendino.com\\\/academy\\\/wp-content\\\/uploads\\\/2024\\\/12\\\/sp-logo-academy-358x70-1.webp\",\"contentUrl\":\"https:\\\/\\\/sebastianpendino.com\\\/academy\\\/wp-content\\\/uploads\\\/2024\\\/12\\\/sp-logo-academy-358x70-1.webp\",\"width\":358,\"height\":70,\"caption\":\"Sebasti\u00e1n Pendino - Academy\"},\"image\":{\"@id\":\"https:\\\/\\\/sebastianpendino.com\\\/academy\\\/#\\\/schema\\\/logo\\\/image\\\/\"},\"sameAs\":[\"https:\\\/\\\/www.facebook.com\\\/sebapendino\",\"https:\\\/\\\/x.com\\\/SebaPendino\",\"https:\\\/\\\/www.linkedin.com\\\/in\\\/sebastianpendino\",\"https:\\\/\\\/www.youtube.com\\\/c\\\/sebastianpendino\"]}]}<\/script>\n<!-- \/ Yoast SEO plugin. -->","yoast_head_json":{"title":"Curso de Marca Personal \"reMarcable\" \u2714\ufe0f por Sebasti\u00e1n Pendino","description":"Curso de Marca Personal para crear tu negocio basado en tu experiencia y conocimiento. Personal Brand para mejorar tu Marketing Personal","robots":{"index":"index","follow":"follow","max-snippet":"max-snippet:-1","max-image-preview":"max-image-preview:large","max-video-preview":"max-video-preview:-1"},"canonical":"https:\/\/sebastianpendino.com\/academy\/recursos\/remarcable\/","og_locale":"es_ES","og_type":"article","og_title":"[Workshop] Automatizar el Marketing de tu Tienda Online WooCommerce","og_description":"Workshop a partir de un webinar grabado en vivo enfocado en explicar las muchas herramientas que existen para automatizar el marketing de un WooCommerce.","og_url":"https:\/\/sebastianpendino.com\/academy\/recursos\/remarcable\/","og_site_name":"Sebasti\u00e1n Pendino - Academy","article_publisher":"https:\/\/www.facebook.com\/sebapendino","article_modified_time":"2025-04-16T10:48:03+00:00","og_image":[{"width":800,"height":643,"url":"https:\/\/sebastianpendino.com\/academy\/wp-content\/uploads\/2019\/02\/workshop-automatizar-tienda-online-woocommerce-opt.png","type":"image\/png"}],"twitter_card":"summary_large_image","twitter_title":"[Workshop] Automatizar el Marketing de tu Tienda Online WooCommerce","twitter_description":"Workshop a partir de un webinar grabado en vivo enfocado en explicar las muchas herramientas que existen para automatizar el marketing de un WooCommerce.","twitter_image":"https:\/\/sebastianpendino.com\/academy\/wp-content\/uploads\/2019\/02\/workshop-automatizar-tienda-online-woocommerce-opt.png","twitter_site":"@SebaPendino","schema":{"@context":"https:\/\/schema.org","@graph":[{"@type":"WebPage","@id":"https:\/\/sebastianpendino.com\/academy\/recursos\/remarcable\/","url":"https:\/\/sebastianpendino.com\/academy\/recursos\/remarcable\/","name":"Curso de Marca Personal \"reMarcable\" \u2714\ufe0f por Sebasti\u00e1n Pendino","isPartOf":{"@id":"https:\/\/sebastianpendino.com\/academy\/#website"},"primaryImageOfPage":{"@id":"https:\/\/sebastianpendino.com\/academy\/recursos\/remarcable\/#primaryimage"},"image":{"@id":"https:\/\/sebastianpendino.com\/academy\/recursos\/remarcable\/#primaryimage"},"thumbnailUrl":"https:\/\/sebastianpendino.com\/academy\/wp-content\/uploads\/2021\/06\/curso-online-marca-personal-remarcable-opt.png","datePublished":"2021-06-28T14:24:14+00:00","dateModified":"2025-04-16T10:48:03+00:00","description":"Curso de Marca Personal para crear tu negocio basado en tu experiencia y conocimiento. Personal Brand para mejorar tu Marketing Personal","breadcrumb":{"@id":"https:\/\/sebastianpendino.com\/academy\/recursos\/remarcable\/#breadcrumb"},"inLanguage":"es","potentialAction":[{"@type":"ReadAction","target":["https:\/\/sebastianpendino.com\/academy\/recursos\/remarcable\/"]}]},{"@type":"ImageObject","inLanguage":"es","@id":"https:\/\/sebastianpendino.com\/academy\/recursos\/remarcable\/#primaryimage","url":"https:\/\/sebastianpendino.com\/academy\/wp-content\/uploads\/2021\/06\/curso-online-marca-personal-remarcable-opt.png","contentUrl":"https:\/\/sebastianpendino.com\/academy\/wp-content\/uploads\/2021\/06\/curso-online-marca-personal-remarcable-opt.png","width":800,"height":643,"caption":"curso-online-marca-personal-remarcable"},{"@type":"BreadcrumbList","@id":"https:\/\/sebastianpendino.com\/academy\/recursos\/remarcable\/#breadcrumb","itemListElement":[{"@type":"ListItem","position":1,"name":"Inicio","item":"https:\/\/sebastianpendino.com\/academy\/"},{"@type":"ListItem","position":2,"name":"Shop","item":"https:\/\/sebastianpendino.com\/academy\/shop\/"},{"@type":"ListItem","position":3,"name":"Cursos y Workshops","item":"https:\/\/sebastianpendino.com\/academy\/recurso\/cursos\/"},{"@type":"ListItem","position":4,"name":"Curso de Marca Personal (ReMarcable)"}]},{"@type":"WebSite","@id":"https:\/\/sebastianpendino.com\/academy\/#website","url":"https:\/\/sebastianpendino.com\/academy\/","name":"Sebasti\u00e1n Pendino - Academy","description":"Recursos de Marketing Digital y Negocios Online","publisher":{"@id":"https:\/\/sebastianpendino.com\/academy\/#organization"},"alternateName":"Seba Pendino - Academy","potentialAction":[{"@type":"SearchAction","target":{"@type":"EntryPoint","urlTemplate":"https:\/\/sebastianpendino.com\/academy\/?s={search_term_string}"},"query-input":{"@type":"PropertyValueSpecification","valueRequired":true,"valueName":"search_term_string"}}],"inLanguage":"es"},{"@type":"Organization","@id":"https:\/\/sebastianpendino.com\/academy\/#organization","name":"Sebasti\u00e1n Pendino - Academy","alternateName":"Cursos para emprendedores","url":"https:\/\/sebastianpendino.com\/academy\/","logo":{"@type":"ImageObject","inLanguage":"es","@id":"https:\/\/sebastianpendino.com\/academy\/#\/schema\/logo\/image\/","url":"https:\/\/sebastianpendino.com\/academy\/wp-content\/uploads\/2024\/12\/sp-logo-academy-358x70-1.webp","contentUrl":"https:\/\/sebastianpendino.com\/academy\/wp-content\/uploads\/2024\/12\/sp-logo-academy-358x70-1.webp","width":358,"height":70,"caption":"Sebasti\u00e1n Pendino - Academy"},"image":{"@id":"https:\/\/sebastianpendino.com\/academy\/#\/schema\/logo\/image\/"},"sameAs":["https:\/\/www.facebook.com\/sebapendino","https:\/\/x.com\/SebaPendino","https:\/\/www.linkedin.com\/in\/sebastianpendino","https:\/\/www.youtube.com\/c\/sebastianpendino"]}]}},"_links":{"self":[{"href":"https:\/\/sebastianpendino.com\/academy\/wp-json\/wp\/v2\/product\/20192","targetHints":{"allow":["GET"]}}],"collection":[{"href":"https:\/\/sebastianpendino.com\/academy\/wp-json\/wp\/v2\/product"}],"about":[{"href":"https:\/\/sebastianpendino.com\/academy\/wp-json\/wp\/v2\/types\/product"}],"replies":[{"embeddable":true,"href":"https:\/\/sebastianpendino.com\/academy\/wp-json\/wp\/v2\/comments?post=20192"}],"wp:featuredmedia":[{"embeddable":true,"href":"https:\/\/sebastianpendino.com\/academy\/wp-json\/wp\/v2\/media\/20204"}],"wp:attachment":[{"href":"https:\/\/sebastianpendino.com\/academy\/wp-json\/wp\/v2\/media?parent=20192"}],"wp:term":[{"taxonomy":"product_brand","embeddable":true,"href":"https:\/\/sebastianpendino.com\/academy\/wp-json\/wp\/v2\/product_brand?post=20192"},{"taxonomy":"product_cat","embeddable":true,"href":"https:\/\/sebastianpendino.com\/academy\/wp-json\/wp\/v2\/product_cat?post=20192"},{"taxonomy":"product_tag","embeddable":true,"href":"https:\/\/sebastianpendino.com\/academy\/wp-json\/wp\/v2\/product_tag?post=20192"}],"curies":[{"name":"wp","href":"https:\/\/api.w.org\/{rel}","templated":true}]}}