{"id":15758,"date":"2020-01-02T08:56:40","date_gmt":"2020-01-02T11:56:40","guid":{"rendered":"https:\/\/wordpress-934528-3246107.cloudwaysapps.com\/?post_type=product&#038;p=15758"},"modified":"2025-04-10T17:25:03","modified_gmt":"2025-04-10T20:25:03","slug":"masterclass-cam","status":"publish","type":"product","link":"https:\/\/sebastianpendino.com\/academy\/recursos\/masterclass-cam\/","title":{"rendered":"Masterclass &#8211; Planifica tu Negocio Online"},"content":{"rendered":"<p>Esta masterclass fue pensada para quien quiera <strong>dejar de postergar la decisi\u00f3n de emprender<\/strong> un negocio online y obtener esos resultados buscados.<\/p>\n<p>Accede a esta masterclass donde te explico y resumo un <strong>plan de acci\u00f3n<\/strong> para crear un negocio online.<\/p>\n<h4>\u00bfA qui\u00e9n va dirigida esta masterclass?<\/h4>\n<p>&#8211; Emprendedores, profesionales de servicios, freelancers y PYMEs que quieran incorporar el canal digital y la monetizaci\u00f3n online a su modelo de negocio actual.<\/p>\n","protected":false},"excerpt":{"rendered":"<p>Accede ahora a esta masterclass<\/p>\n<p><strong>Incluye:<\/strong><br \/>\n<i class=\"fa fa-video-camera\" aria-hidden=\"true\"><\/i> 2 clases en v\u00eddeo<br \/>\n<i class=\"fa fa-clock-o\" aria-hidden=\"true\"><\/i> 2 horas de masterclass<br \/>\n<i class=\"fa fa-certificate\" aria-hidden=\"true\"><\/i> Certificado de finalizaci\u00f3n PDF<\/p>\n<p><strong>Detalles:<\/strong><br \/>\n<i class=\"fa fa-key\" aria-hidden=\"true\"><\/i> Acceso de por vida<br \/>\n<i class=\"fa fa-check-square-o\" aria-hidden=\"true\"><\/i> Acceso instant\u00e1neo<br \/>\n<i class=\"fa fa-television\" aria-hidden=\"true\"><\/i> Webinar grabado en vivo<br \/>\n<i class=\"fa fa-certificate\" aria-hidden=\"true\"><\/i> Garant\u00eda devoluci\u00f3n 30 d\u00edas<\/p>\n","protected":false},"featured_media":20205,"comment_status":"open","ping_status":"closed","template":"","meta":[],"product_brand":[],"product_cat":[516],"product_tag":[],"class_list":{"0":"post-15758","1":"product","2":"type-product","3":"status-publish","4":"has-post-thumbnail","6":"product_cat-cursos","8":"first","9":"instock","10":"sale","11":"virtual","12":"sold-individually","13":"purchasable","14":"product-type-simple"},"yoast_head":"<!-- This site is optimized with the Yoast SEO plugin v27.4 - https:\/\/yoast.com\/product\/yoast-seo-wordpress\/ -->\n<title>Masterclass - C\u00f3mo Crear tu Negocio Online desde Cero \u2714\ufe0f<\/title>\n<meta name=\"description\" content=\"Aprende a crear tu Negocios Online desde Cero con esta MasteClass en 2 clases. Aprender\u00e1s a crear tu Plan de Negocio Paso a Paso \u00bb \u00a1Ver Ahora! \u2714\ufe0f\" \/>\n<meta name=\"robots\" content=\"index, follow, max-snippet:-1, max-image-preview:large, max-video-preview:-1\" \/>\n<link rel=\"canonical\" href=\"https:\/\/sebastianpendino.com\/academy\/recursos\/masterclass-cam\/\" \/>\n<meta property=\"og:locale\" content=\"es_ES\" \/>\n<meta property=\"og:type\" content=\"article\" \/>\n<meta property=\"og:title\" content=\"Masterclass - C\u00f3mo Crear tu Negocio Online desde Cero \u2714\ufe0f\" \/>\n<meta property=\"og:description\" content=\"Aprende a crear tu Negocios Online desde Cero con esta MasteClass en 2 clases. Aprender\u00e1s a crear tu Plan de Negocio Paso a Paso \u00bb \u00a1Ver Ahora! \u2714\ufe0f\" \/>\n<meta property=\"og:url\" content=\"https:\/\/sebastianpendino.com\/academy\/recursos\/masterclass-cam\/\" \/>\n<meta property=\"og:site_name\" content=\"Sebasti\u00e1n Pendino - Academy\" \/>\n<meta property=\"article:publisher\" content=\"https:\/\/www.facebook.com\/sebapendino\" \/>\n<meta property=\"article:modified_time\" content=\"2025-04-10T20:25:03+00:00\" \/>\n<meta property=\"og:image\" content=\"https:\/\/sebastianpendino.com\/academy\/wp-content\/uploads\/2020\/01\/curso-online-planificar-negocio-online-opt.png\" \/>\n\t<meta property=\"og:image:width\" content=\"800\" \/>\n\t<meta property=\"og:image:height\" content=\"643\" \/>\n\t<meta property=\"og:image:type\" content=\"image\/png\" \/>\n<meta name=\"twitter:card\" content=\"summary_large_image\" \/>\n<meta name=\"twitter:site\" content=\"@SebaPendino\" \/>\n<script type=\"application\/ld+json\" class=\"yoast-schema-graph\">{\"@context\":\"https:\\\/\\\/schema.org\",\"@graph\":[{\"@type\":\"WebPage\",\"@id\":\"https:\\\/\\\/sebastianpendino.com\\\/academy\\\/recursos\\\/masterclass-cam\\\/\",\"url\":\"https:\\\/\\\/sebastianpendino.com\\\/academy\\\/recursos\\\/masterclass-cam\\\/\",\"name\":\"Masterclass - C\u00f3mo Crear tu Negocio Online desde Cero \u2714\ufe0f\",\"isPartOf\":{\"@id\":\"https:\\\/\\\/sebastianpendino.com\\\/academy\\\/#website\"},\"primaryImageOfPage\":{\"@id\":\"https:\\\/\\\/sebastianpendino.com\\\/academy\\\/recursos\\\/masterclass-cam\\\/#primaryimage\"},\"image\":{\"@id\":\"https:\\\/\\\/sebastianpendino.com\\\/academy\\\/recursos\\\/masterclass-cam\\\/#primaryimage\"},\"thumbnailUrl\":\"https:\\\/\\\/sebastianpendino.com\\\/academy\\\/wp-content\\\/uploads\\\/2020\\\/01\\\/curso-online-planificar-negocio-online-opt.png\",\"datePublished\":\"2020-01-02T11:56:40+00:00\",\"dateModified\":\"2025-04-10T20:25:03+00:00\",\"description\":\"Aprende a crear tu Negocios Online desde Cero con esta MasteClass en 2 clases. Aprender\u00e1s a crear tu Plan de Negocio Paso a Paso \u00bb \u00a1Ver Ahora! \u2714\ufe0f\",\"breadcrumb\":{\"@id\":\"https:\\\/\\\/sebastianpendino.com\\\/academy\\\/recursos\\\/masterclass-cam\\\/#breadcrumb\"},\"inLanguage\":\"es\",\"potentialAction\":[{\"@type\":\"ReadAction\",\"target\":[\"https:\\\/\\\/sebastianpendino.com\\\/academy\\\/recursos\\\/masterclass-cam\\\/\"]}]},{\"@type\":\"ImageObject\",\"inLanguage\":\"es\",\"@id\":\"https:\\\/\\\/sebastianpendino.com\\\/academy\\\/recursos\\\/masterclass-cam\\\/#primaryimage\",\"url\":\"https:\\\/\\\/sebastianpendino.com\\\/academy\\\/wp-content\\\/uploads\\\/2020\\\/01\\\/curso-online-planificar-negocio-online-opt.png\",\"contentUrl\":\"https:\\\/\\\/sebastianpendino.com\\\/academy\\\/wp-content\\\/uploads\\\/2020\\\/01\\\/curso-online-planificar-negocio-online-opt.png\",\"width\":800,\"height\":643,\"caption\":\"curso-online-planificar-negocio-online\"},{\"@type\":\"BreadcrumbList\",\"@id\":\"https:\\\/\\\/sebastianpendino.com\\\/academy\\\/recursos\\\/masterclass-cam\\\/#breadcrumb\",\"itemListElement\":[{\"@type\":\"ListItem\",\"position\":1,\"name\":\"Inicio\",\"item\":\"https:\\\/\\\/sebastianpendino.com\\\/academy\\\/\"},{\"@type\":\"ListItem\",\"position\":2,\"name\":\"Shop\",\"item\":\"https:\\\/\\\/sebastianpendino.com\\\/academy\\\/shop\\\/\"},{\"@type\":\"ListItem\",\"position\":3,\"name\":\"Cursos y Workshops\",\"item\":\"https:\\\/\\\/sebastianpendino.com\\\/academy\\\/recurso\\\/cursos\\\/\"},{\"@type\":\"ListItem\",\"position\":4,\"name\":\"Masterclass &#8211; Planifica tu Negocio Online\"}]},{\"@type\":\"WebSite\",\"@id\":\"https:\\\/\\\/sebastianpendino.com\\\/academy\\\/#website\",\"url\":\"https:\\\/\\\/sebastianpendino.com\\\/academy\\\/\",\"name\":\"Sebasti\u00e1n Pendino - Academy\",\"description\":\"Recursos de Marketing Digital y Negocios Online\",\"publisher\":{\"@id\":\"https:\\\/\\\/sebastianpendino.com\\\/academy\\\/#organization\"},\"alternateName\":\"Seba Pendino - Academy\",\"potentialAction\":[{\"@type\":\"SearchAction\",\"target\":{\"@type\":\"EntryPoint\",\"urlTemplate\":\"https:\\\/\\\/sebastianpendino.com\\\/academy\\\/?s={search_term_string}\"},\"query-input\":{\"@type\":\"PropertyValueSpecification\",\"valueRequired\":true,\"valueName\":\"search_term_string\"}}],\"inLanguage\":\"es\"},{\"@type\":\"Organization\",\"@id\":\"https:\\\/\\\/sebastianpendino.com\\\/academy\\\/#organization\",\"name\":\"Sebasti\u00e1n Pendino - Academy\",\"alternateName\":\"Cursos para emprendedores\",\"url\":\"https:\\\/\\\/sebastianpendino.com\\\/academy\\\/\",\"logo\":{\"@type\":\"ImageObject\",\"inLanguage\":\"es\",\"@id\":\"https:\\\/\\\/sebastianpendino.com\\\/academy\\\/#\\\/schema\\\/logo\\\/image\\\/\",\"url\":\"https:\\\/\\\/sebastianpendino.com\\\/academy\\\/wp-content\\\/uploads\\\/2024\\\/12\\\/sp-logo-academy-358x70-1.webp\",\"contentUrl\":\"https:\\\/\\\/sebastianpendino.com\\\/academy\\\/wp-content\\\/uploads\\\/2024\\\/12\\\/sp-logo-academy-358x70-1.webp\",\"width\":358,\"height\":70,\"caption\":\"Sebasti\u00e1n Pendino - Academy\"},\"image\":{\"@id\":\"https:\\\/\\\/sebastianpendino.com\\\/academy\\\/#\\\/schema\\\/logo\\\/image\\\/\"},\"sameAs\":[\"https:\\\/\\\/www.facebook.com\\\/sebapendino\",\"https:\\\/\\\/x.com\\\/SebaPendino\",\"https:\\\/\\\/www.linkedin.com\\\/in\\\/sebastianpendino\",\"https:\\\/\\\/www.youtube.com\\\/c\\\/sebastianpendino\"]}]}<\/script>\n<!-- \/ Yoast SEO plugin. -->","yoast_head_json":{"title":"Masterclass - C\u00f3mo Crear tu Negocio Online desde Cero \u2714\ufe0f","description":"Aprende a crear tu Negocios Online desde Cero con esta MasteClass en 2 clases. Aprender\u00e1s a crear tu Plan de Negocio Paso a Paso \u00bb \u00a1Ver Ahora! \u2714\ufe0f","robots":{"index":"index","follow":"follow","max-snippet":"max-snippet:-1","max-image-preview":"max-image-preview:large","max-video-preview":"max-video-preview:-1"},"canonical":"https:\/\/sebastianpendino.com\/academy\/recursos\/masterclass-cam\/","og_locale":"es_ES","og_type":"article","og_title":"Masterclass - C\u00f3mo Crear tu Negocio Online desde Cero \u2714\ufe0f","og_description":"Aprende a crear tu Negocios Online desde Cero con esta MasteClass en 2 clases. Aprender\u00e1s a crear tu Plan de Negocio Paso a Paso \u00bb \u00a1Ver Ahora! \u2714\ufe0f","og_url":"https:\/\/sebastianpendino.com\/academy\/recursos\/masterclass-cam\/","og_site_name":"Sebasti\u00e1n Pendino - Academy","article_publisher":"https:\/\/www.facebook.com\/sebapendino","article_modified_time":"2025-04-10T20:25:03+00:00","og_image":[{"width":800,"height":643,"url":"https:\/\/sebastianpendino.com\/academy\/wp-content\/uploads\/2020\/01\/curso-online-planificar-negocio-online-opt.png","type":"image\/png"}],"twitter_card":"summary_large_image","twitter_site":"@SebaPendino","schema":{"@context":"https:\/\/schema.org","@graph":[{"@type":"WebPage","@id":"https:\/\/sebastianpendino.com\/academy\/recursos\/masterclass-cam\/","url":"https:\/\/sebastianpendino.com\/academy\/recursos\/masterclass-cam\/","name":"Masterclass - C\u00f3mo Crear tu Negocio Online desde Cero \u2714\ufe0f","isPartOf":{"@id":"https:\/\/sebastianpendino.com\/academy\/#website"},"primaryImageOfPage":{"@id":"https:\/\/sebastianpendino.com\/academy\/recursos\/masterclass-cam\/#primaryimage"},"image":{"@id":"https:\/\/sebastianpendino.com\/academy\/recursos\/masterclass-cam\/#primaryimage"},"thumbnailUrl":"https:\/\/sebastianpendino.com\/academy\/wp-content\/uploads\/2020\/01\/curso-online-planificar-negocio-online-opt.png","datePublished":"2020-01-02T11:56:40+00:00","dateModified":"2025-04-10T20:25:03+00:00","description":"Aprende a crear tu Negocios Online desde Cero con esta MasteClass en 2 clases. Aprender\u00e1s a crear tu Plan de Negocio Paso a Paso \u00bb \u00a1Ver Ahora! \u2714\ufe0f","breadcrumb":{"@id":"https:\/\/sebastianpendino.com\/academy\/recursos\/masterclass-cam\/#breadcrumb"},"inLanguage":"es","potentialAction":[{"@type":"ReadAction","target":["https:\/\/sebastianpendino.com\/academy\/recursos\/masterclass-cam\/"]}]},{"@type":"ImageObject","inLanguage":"es","@id":"https:\/\/sebastianpendino.com\/academy\/recursos\/masterclass-cam\/#primaryimage","url":"https:\/\/sebastianpendino.com\/academy\/wp-content\/uploads\/2020\/01\/curso-online-planificar-negocio-online-opt.png","contentUrl":"https:\/\/sebastianpendino.com\/academy\/wp-content\/uploads\/2020\/01\/curso-online-planificar-negocio-online-opt.png","width":800,"height":643,"caption":"curso-online-planificar-negocio-online"},{"@type":"BreadcrumbList","@id":"https:\/\/sebastianpendino.com\/academy\/recursos\/masterclass-cam\/#breadcrumb","itemListElement":[{"@type":"ListItem","position":1,"name":"Inicio","item":"https:\/\/sebastianpendino.com\/academy\/"},{"@type":"ListItem","position":2,"name":"Shop","item":"https:\/\/sebastianpendino.com\/academy\/shop\/"},{"@type":"ListItem","position":3,"name":"Cursos y Workshops","item":"https:\/\/sebastianpendino.com\/academy\/recurso\/cursos\/"},{"@type":"ListItem","position":4,"name":"Masterclass &#8211; Planifica tu Negocio Online"}]},{"@type":"WebSite","@id":"https:\/\/sebastianpendino.com\/academy\/#website","url":"https:\/\/sebastianpendino.com\/academy\/","name":"Sebasti\u00e1n Pendino - Academy","description":"Recursos de Marketing Digital y Negocios Online","publisher":{"@id":"https:\/\/sebastianpendino.com\/academy\/#organization"},"alternateName":"Seba Pendino - Academy","potentialAction":[{"@type":"SearchAction","target":{"@type":"EntryPoint","urlTemplate":"https:\/\/sebastianpendino.com\/academy\/?s={search_term_string}"},"query-input":{"@type":"PropertyValueSpecification","valueRequired":true,"valueName":"search_term_string"}}],"inLanguage":"es"},{"@type":"Organization","@id":"https:\/\/sebastianpendino.com\/academy\/#organization","name":"Sebasti\u00e1n Pendino - Academy","alternateName":"Cursos para emprendedores","url":"https:\/\/sebastianpendino.com\/academy\/","logo":{"@type":"ImageObject","inLanguage":"es","@id":"https:\/\/sebastianpendino.com\/academy\/#\/schema\/logo\/image\/","url":"https:\/\/sebastianpendino.com\/academy\/wp-content\/uploads\/2024\/12\/sp-logo-academy-358x70-1.webp","contentUrl":"https:\/\/sebastianpendino.com\/academy\/wp-content\/uploads\/2024\/12\/sp-logo-academy-358x70-1.webp","width":358,"height":70,"caption":"Sebasti\u00e1n Pendino - Academy"},"image":{"@id":"https:\/\/sebastianpendino.com\/academy\/#\/schema\/logo\/image\/"},"sameAs":["https:\/\/www.facebook.com\/sebapendino","https:\/\/x.com\/SebaPendino","https:\/\/www.linkedin.com\/in\/sebastianpendino","https:\/\/www.youtube.com\/c\/sebastianpendino"]}]}},"_links":{"self":[{"href":"https:\/\/sebastianpendino.com\/academy\/wp-json\/wp\/v2\/product\/15758","targetHints":{"allow":["GET"]}}],"collection":[{"href":"https:\/\/sebastianpendino.com\/academy\/wp-json\/wp\/v2\/product"}],"about":[{"href":"https:\/\/sebastianpendino.com\/academy\/wp-json\/wp\/v2\/types\/product"}],"replies":[{"embeddable":true,"href":"https:\/\/sebastianpendino.com\/academy\/wp-json\/wp\/v2\/comments?post=15758"}],"wp:featuredmedia":[{"embeddable":true,"href":"https:\/\/sebastianpendino.com\/academy\/wp-json\/wp\/v2\/media\/20205"}],"wp:attachment":[{"href":"https:\/\/sebastianpendino.com\/academy\/wp-json\/wp\/v2\/media?parent=15758"}],"wp:term":[{"taxonomy":"product_brand","embeddable":true,"href":"https:\/\/sebastianpendino.com\/academy\/wp-json\/wp\/v2\/product_brand?post=15758"},{"taxonomy":"product_cat","embeddable":true,"href":"https:\/\/sebastianpendino.com\/academy\/wp-json\/wp\/v2\/product_cat?post=15758"},{"taxonomy":"product_tag","embeddable":true,"href":"https:\/\/sebastianpendino.com\/academy\/wp-json\/wp\/v2\/product_tag?post=15758"}],"curies":[{"name":"wp","href":"https:\/\/api.w.org\/{rel}","templated":true}]}}