{"id":12038,"date":"2019-03-09T15:45:42","date_gmt":"2019-03-09T18:45:42","guid":{"rendered":"https:\/\/wordpress-934528-3246107.cloudwaysapps.com\/?post_type=product&#038;p=12038"},"modified":"2025-04-10T17:27:23","modified_gmt":"2025-04-10T20:27:23","slug":"pack-canvas-pro","status":"publish","type":"product","link":"https:\/\/sebastianpendino.com\/academy\/recursos\/pack-canvas-pro\/","title":{"rendered":"Pack Canvas Pro"},"content":{"rendered":"<h4>C\u00d3MO UTILIZAR ESTOS CANVAS EDITABLES<\/h4>\n<p><strong>\u00bfQu\u00e9 vas a descargar?<\/strong><\/p>\n<p>Revisa estos v\u00eddeos para ver por dentro los recursos que vas a descargar:<\/p>\n<p><strong>Canvas lienzo de negocio<\/strong><br \/>\n<iframe loading=\"lazy\" title=\"[Plantilla Canvas] Business Model Canvas (Lienzo de Negocio). [Ejemplo post-its EDITABLE]\" width=\"500\" height=\"281\" src=\"https:\/\/www.youtube.com\/embed\/OHzZSh5cc4I?feature=oembed\" frameborder=\"0\" allow=\"accelerometer; autoplay; clipboard-write; encrypted-media; gyroscope; picture-in-picture; web-share\" referrerpolicy=\"strict-origin-when-cross-origin\" allowfullscreen><\/iframe><\/p>\n<p><strong>Canvas de la propuesta de valor<\/strong><br \/>\n<iframe loading=\"lazy\" title=\"[Plantilla Canvas] Propuesta de Valor (Ejemplo post-its)\" width=\"500\" height=\"281\" src=\"https:\/\/www.youtube.com\/embed\/KkH3nzsGbas?feature=oembed\" frameborder=\"0\" allow=\"accelerometer; autoplay; clipboard-write; encrypted-media; gyroscope; picture-in-picture; web-share\" referrerpolicy=\"strict-origin-when-cross-origin\" allowfullscreen><\/iframe><\/p>\n<p><strong>Canvas mapa de empat\u00eda con el cliente<\/strong><br \/>\n<iframe loading=\"lazy\" title=\"[Plantilla Canvas] Modelo Canvas Mapa de Empat\u00eda (Ejemplo post-its)\" width=\"500\" height=\"281\" src=\"https:\/\/www.youtube.com\/embed\/8AFymNfXEPs?feature=oembed\" frameborder=\"0\" allow=\"accelerometer; autoplay; clipboard-write; encrypted-media; gyroscope; picture-in-picture; web-share\" referrerpolicy=\"strict-origin-when-cross-origin\" allowfullscreen><\/iframe><\/p>\n","protected":false},"excerpt":{"rendered":"<p>Descarga ahora el Pack Canvas PRO y <strong>ahorra m\u00e1s de un 25%<\/strong> en la compra de estos 3 canvas de negocio (12 ficheros en total).<\/p>\n<p><strong>Incluye:<\/strong><br \/>\n<i class=\"fa fa-edit\" aria-hidden=\"true\"><\/i> 6 Plantillas editables para post-its (Word)<br \/>\n<i class=\"fa fa-file-text-o\" aria-hidden=\"true\"><\/i> 3 Plantillas para imprimir (PDF)<br \/>\n<i class=\"fa fa-sticky-note\" aria-hidden=\"true\"><\/i> 3 Plantillas para post-its (PDF)<\/p>\n<p><strong>Detalles:<\/strong><br \/>\n<i class=\"fa fa-lock\" aria-hidden=\"true\"><\/i> Descarga y pago seguro<br \/>\n<i class=\"fa fa-check-square-o\" aria-hidden=\"true\"><\/i> Acceso instant\u00e1neo<br \/>\n<i class=\"fa fa-television\" aria-hidden=\"true\"><\/i> Alta resoluci\u00f3n<\/p>\n","protected":false},"featured_media":12150,"comment_status":"open","ping_status":"closed","template":"","meta":[],"product_brand":[],"product_cat":[356,465],"product_tag":[],"class_list":{"0":"post-12038","1":"product","2":"type-product","3":"status-publish","4":"has-post-thumbnail","6":"product_cat-canvas","7":"product_cat-packs","9":"first","10":"instock","11":"sale","12":"downloadable","13":"virtual","14":"sold-individually","15":"purchasable","16":"product-type-simple"},"yoast_head":"<!-- This site is optimized with the Yoast SEO plugin v27.3 - https:\/\/yoast.com\/product\/yoast-seo-wordpress\/ -->\n<title>[Pack Canvas PRO] Modelo de Negocio, Propuesta de Valor, Mapa Empat\u00eda<\/title>\n<meta name=\"description\" content=\"Descarga la versi\u00f3n Editable de 1) Canvas Modelo de Negocio 2) Canvas Propuesta de Valor, Canvas Mapa de Empat\u00eda con el Cliente. \u00bb \u00a1Ahorra m\u00e1s de un 25%!\" \/>\n<meta name=\"robots\" content=\"index, follow, max-snippet:-1, max-image-preview:large, max-video-preview:-1\" \/>\n<link rel=\"canonical\" href=\"https:\/\/sebastianpendino.com\/academy\/recursos\/pack-canvas-pro\/\" \/>\n<meta property=\"og:locale\" content=\"es_ES\" \/>\n<meta property=\"og:type\" content=\"article\" \/>\n<meta property=\"og:title\" content=\"[Pack Canvas PRO] Modelo de Negocio, Propuesta de Valor, Mapa Empat\u00eda\" \/>\n<meta property=\"og:description\" content=\"Descarga la versi\u00f3n Editable de 1) Canvas Modelo de Negocio 2) Canvas Propuesta de Valor, Canvas Mapa de Empat\u00eda con el Cliente. \u00bb \u00a1Ahorra m\u00e1s de un 25%!\" \/>\n<meta property=\"og:url\" content=\"https:\/\/sebastianpendino.com\/academy\/recursos\/pack-canvas-pro\/\" \/>\n<meta property=\"og:site_name\" content=\"Sebasti\u00e1n Pendino - Academy\" \/>\n<meta property=\"article:publisher\" content=\"https:\/\/www.facebook.com\/sebapendino\" \/>\n<meta property=\"article:modified_time\" content=\"2025-04-10T20:27:23+00:00\" \/>\n<meta property=\"og:image\" content=\"https:\/\/sebastianpendino.com\/academy\/wp-content\/uploads\/2019\/03\/pack-canvas-negocios-propuesta-de-valor-mapa-empatia.png\" \/>\n\t<meta property=\"og:image:width\" content=\"803\" \/>\n\t<meta property=\"og:image:height\" content=\"643\" \/>\n\t<meta property=\"og:image:type\" content=\"image\/png\" \/>\n<meta name=\"twitter:card\" content=\"summary_large_image\" \/>\n<meta name=\"twitter:site\" content=\"@SebaPendino\" \/>\n<script type=\"application\/ld+json\" class=\"yoast-schema-graph\">{\"@context\":\"https:\\\/\\\/schema.org\",\"@graph\":[{\"@type\":\"WebPage\",\"@id\":\"https:\\\/\\\/sebastianpendino.com\\\/academy\\\/recursos\\\/pack-canvas-pro\\\/\",\"url\":\"https:\\\/\\\/sebastianpendino.com\\\/academy\\\/recursos\\\/pack-canvas-pro\\\/\",\"name\":\"[Pack Canvas PRO] Modelo de Negocio, Propuesta de Valor, Mapa Empat\u00eda\",\"isPartOf\":{\"@id\":\"https:\\\/\\\/sebastianpendino.com\\\/academy\\\/#website\"},\"primaryImageOfPage\":{\"@id\":\"https:\\\/\\\/sebastianpendino.com\\\/academy\\\/recursos\\\/pack-canvas-pro\\\/#primaryimage\"},\"image\":{\"@id\":\"https:\\\/\\\/sebastianpendino.com\\\/academy\\\/recursos\\\/pack-canvas-pro\\\/#primaryimage\"},\"thumbnailUrl\":\"https:\\\/\\\/sebastianpendino.com\\\/academy\\\/wp-content\\\/uploads\\\/2019\\\/03\\\/pack-canvas-negocios-propuesta-de-valor-mapa-empatia.png\",\"datePublished\":\"2019-03-09T18:45:42+00:00\",\"dateModified\":\"2025-04-10T20:27:23+00:00\",\"description\":\"Descarga la versi\u00f3n Editable de 1) Canvas Modelo de Negocio 2) Canvas Propuesta de Valor, Canvas Mapa de Empat\u00eda con el Cliente. \u00bb \u00a1Ahorra m\u00e1s de un 25%!\",\"breadcrumb\":{\"@id\":\"https:\\\/\\\/sebastianpendino.com\\\/academy\\\/recursos\\\/pack-canvas-pro\\\/#breadcrumb\"},\"inLanguage\":\"es\",\"potentialAction\":[{\"@type\":\"ReadAction\",\"target\":[\"https:\\\/\\\/sebastianpendino.com\\\/academy\\\/recursos\\\/pack-canvas-pro\\\/\"]}]},{\"@type\":\"ImageObject\",\"inLanguage\":\"es\",\"@id\":\"https:\\\/\\\/sebastianpendino.com\\\/academy\\\/recursos\\\/pack-canvas-pro\\\/#primaryimage\",\"url\":\"https:\\\/\\\/sebastianpendino.com\\\/academy\\\/wp-content\\\/uploads\\\/2019\\\/03\\\/pack-canvas-negocios-propuesta-de-valor-mapa-empatia.png\",\"contentUrl\":\"https:\\\/\\\/sebastianpendino.com\\\/academy\\\/wp-content\\\/uploads\\\/2019\\\/03\\\/pack-canvas-negocios-propuesta-de-valor-mapa-empatia.png\",\"width\":803,\"height\":643,\"caption\":\"pack-canvas-negocios-propuesta-de-valor-mapa-empatia\"},{\"@type\":\"BreadcrumbList\",\"@id\":\"https:\\\/\\\/sebastianpendino.com\\\/academy\\\/recursos\\\/pack-canvas-pro\\\/#breadcrumb\",\"itemListElement\":[{\"@type\":\"ListItem\",\"position\":1,\"name\":\"Inicio\",\"item\":\"https:\\\/\\\/sebastianpendino.com\\\/academy\\\/\"},{\"@type\":\"ListItem\",\"position\":2,\"name\":\"Shop\",\"item\":\"https:\\\/\\\/sebastianpendino.com\\\/academy\\\/shop\\\/\"},{\"@type\":\"ListItem\",\"position\":3,\"name\":\"\ud83c\udff7\ufe0f Packs de recursos\",\"item\":\"https:\\\/\\\/sebastianpendino.com\\\/academy\\\/recurso\\\/packs\\\/\"},{\"@type\":\"ListItem\",\"position\":4,\"name\":\"Pack Canvas Pro\"}]},{\"@type\":\"WebSite\",\"@id\":\"https:\\\/\\\/sebastianpendino.com\\\/academy\\\/#website\",\"url\":\"https:\\\/\\\/sebastianpendino.com\\\/academy\\\/\",\"name\":\"Sebasti\u00e1n Pendino - Academy\",\"description\":\"Recursos de Marketing Digital y Negocios Online\",\"publisher\":{\"@id\":\"https:\\\/\\\/sebastianpendino.com\\\/academy\\\/#organization\"},\"alternateName\":\"Seba Pendino - Academy\",\"potentialAction\":[{\"@type\":\"SearchAction\",\"target\":{\"@type\":\"EntryPoint\",\"urlTemplate\":\"https:\\\/\\\/sebastianpendino.com\\\/academy\\\/?s={search_term_string}\"},\"query-input\":{\"@type\":\"PropertyValueSpecification\",\"valueRequired\":true,\"valueName\":\"search_term_string\"}}],\"inLanguage\":\"es\"},{\"@type\":\"Organization\",\"@id\":\"https:\\\/\\\/sebastianpendino.com\\\/academy\\\/#organization\",\"name\":\"Sebasti\u00e1n Pendino - Academy\",\"alternateName\":\"Cursos para emprendedores\",\"url\":\"https:\\\/\\\/sebastianpendino.com\\\/academy\\\/\",\"logo\":{\"@type\":\"ImageObject\",\"inLanguage\":\"es\",\"@id\":\"https:\\\/\\\/sebastianpendino.com\\\/academy\\\/#\\\/schema\\\/logo\\\/image\\\/\",\"url\":\"https:\\\/\\\/sebastianpendino.com\\\/academy\\\/wp-content\\\/uploads\\\/2024\\\/12\\\/sp-logo-academy-358x70-1.webp\",\"contentUrl\":\"https:\\\/\\\/sebastianpendino.com\\\/academy\\\/wp-content\\\/uploads\\\/2024\\\/12\\\/sp-logo-academy-358x70-1.webp\",\"width\":358,\"height\":70,\"caption\":\"Sebasti\u00e1n Pendino - Academy\"},\"image\":{\"@id\":\"https:\\\/\\\/sebastianpendino.com\\\/academy\\\/#\\\/schema\\\/logo\\\/image\\\/\"},\"sameAs\":[\"https:\\\/\\\/www.facebook.com\\\/sebapendino\",\"https:\\\/\\\/x.com\\\/SebaPendino\",\"https:\\\/\\\/www.linkedin.com\\\/in\\\/sebastianpendino\",\"https:\\\/\\\/www.youtube.com\\\/c\\\/sebastianpendino\"]}]}<\/script>\n<meta property=\"og:video\" content=\"https:\/\/www.youtube.com\/embed\/OHzZSh5cc4I\" \/>\n<meta property=\"og:video:type\" content=\"text\/html\" \/>\n<meta property=\"og:video:duration\" content=\"153\" \/>\n<meta property=\"og:video:width\" content=\"480\" \/>\n<meta property=\"og:video:height\" content=\"270\" \/>\n<meta property=\"ya:ovs:adult\" content=\"false\" \/>\n<meta property=\"ya:ovs:upload_date\" content=\"2019-03-09T18:45:42+00:00\" \/>\n<meta property=\"ya:ovs:allow_embed\" content=\"true\" \/>\n<!-- \/ Yoast SEO plugin. -->","yoast_head_json":{"title":"[Pack Canvas PRO] Modelo de Negocio, Propuesta de Valor, Mapa Empat\u00eda","description":"Descarga la versi\u00f3n Editable de 1) Canvas Modelo de Negocio 2) Canvas Propuesta de Valor, Canvas Mapa de Empat\u00eda con el Cliente. \u00bb \u00a1Ahorra m\u00e1s de un 25%!","robots":{"index":"index","follow":"follow","max-snippet":"max-snippet:-1","max-image-preview":"max-image-preview:large","max-video-preview":"max-video-preview:-1"},"canonical":"https:\/\/sebastianpendino.com\/academy\/recursos\/pack-canvas-pro\/","og_locale":"es_ES","og_type":"article","og_title":"[Pack Canvas PRO] Modelo de Negocio, Propuesta de Valor, Mapa Empat\u00eda","og_description":"Descarga la versi\u00f3n Editable de 1) Canvas Modelo de Negocio 2) Canvas Propuesta de Valor, Canvas Mapa de Empat\u00eda con el Cliente. \u00bb \u00a1Ahorra m\u00e1s de un 25%!","og_url":"https:\/\/sebastianpendino.com\/academy\/recursos\/pack-canvas-pro\/","og_site_name":"Sebasti\u00e1n Pendino - Academy","article_publisher":"https:\/\/www.facebook.com\/sebapendino","article_modified_time":"2025-04-10T20:27:23+00:00","og_image":[{"width":803,"height":643,"url":"https:\/\/sebastianpendino.com\/academy\/wp-content\/uploads\/2019\/03\/pack-canvas-negocios-propuesta-de-valor-mapa-empatia.png","type":"image\/png"}],"twitter_card":"summary_large_image","twitter_site":"@SebaPendino","schema":{"@context":"https:\/\/schema.org","@graph":[{"@type":"WebPage","@id":"https:\/\/sebastianpendino.com\/academy\/recursos\/pack-canvas-pro\/","url":"https:\/\/sebastianpendino.com\/academy\/recursos\/pack-canvas-pro\/","name":"[Pack Canvas PRO] Modelo de Negocio, Propuesta de Valor, Mapa Empat\u00eda","isPartOf":{"@id":"https:\/\/sebastianpendino.com\/academy\/#website"},"primaryImageOfPage":{"@id":"https:\/\/sebastianpendino.com\/academy\/recursos\/pack-canvas-pro\/#primaryimage"},"image":{"@id":"https:\/\/sebastianpendino.com\/academy\/recursos\/pack-canvas-pro\/#primaryimage"},"thumbnailUrl":"https:\/\/sebastianpendino.com\/academy\/wp-content\/uploads\/2019\/03\/pack-canvas-negocios-propuesta-de-valor-mapa-empatia.png","datePublished":"2019-03-09T18:45:42+00:00","dateModified":"2025-04-10T20:27:23+00:00","description":"Descarga la versi\u00f3n Editable de 1) Canvas Modelo de Negocio 2) Canvas Propuesta de Valor, Canvas Mapa de Empat\u00eda con el Cliente. \u00bb \u00a1Ahorra m\u00e1s de un 25%!","breadcrumb":{"@id":"https:\/\/sebastianpendino.com\/academy\/recursos\/pack-canvas-pro\/#breadcrumb"},"inLanguage":"es","potentialAction":[{"@type":"ReadAction","target":["https:\/\/sebastianpendino.com\/academy\/recursos\/pack-canvas-pro\/"]}]},{"@type":"ImageObject","inLanguage":"es","@id":"https:\/\/sebastianpendino.com\/academy\/recursos\/pack-canvas-pro\/#primaryimage","url":"https:\/\/sebastianpendino.com\/academy\/wp-content\/uploads\/2019\/03\/pack-canvas-negocios-propuesta-de-valor-mapa-empatia.png","contentUrl":"https:\/\/sebastianpendino.com\/academy\/wp-content\/uploads\/2019\/03\/pack-canvas-negocios-propuesta-de-valor-mapa-empatia.png","width":803,"height":643,"caption":"pack-canvas-negocios-propuesta-de-valor-mapa-empatia"},{"@type":"BreadcrumbList","@id":"https:\/\/sebastianpendino.com\/academy\/recursos\/pack-canvas-pro\/#breadcrumb","itemListElement":[{"@type":"ListItem","position":1,"name":"Inicio","item":"https:\/\/sebastianpendino.com\/academy\/"},{"@type":"ListItem","position":2,"name":"Shop","item":"https:\/\/sebastianpendino.com\/academy\/shop\/"},{"@type":"ListItem","position":3,"name":"\ud83c\udff7\ufe0f Packs de recursos","item":"https:\/\/sebastianpendino.com\/academy\/recurso\/packs\/"},{"@type":"ListItem","position":4,"name":"Pack Canvas Pro"}]},{"@type":"WebSite","@id":"https:\/\/sebastianpendino.com\/academy\/#website","url":"https:\/\/sebastianpendino.com\/academy\/","name":"Sebasti\u00e1n Pendino - Academy","description":"Recursos de Marketing Digital y Negocios Online","publisher":{"@id":"https:\/\/sebastianpendino.com\/academy\/#organization"},"alternateName":"Seba Pendino - Academy","potentialAction":[{"@type":"SearchAction","target":{"@type":"EntryPoint","urlTemplate":"https:\/\/sebastianpendino.com\/academy\/?s={search_term_string}"},"query-input":{"@type":"PropertyValueSpecification","valueRequired":true,"valueName":"search_term_string"}}],"inLanguage":"es"},{"@type":"Organization","@id":"https:\/\/sebastianpendino.com\/academy\/#organization","name":"Sebasti\u00e1n Pendino - Academy","alternateName":"Cursos para emprendedores","url":"https:\/\/sebastianpendino.com\/academy\/","logo":{"@type":"ImageObject","inLanguage":"es","@id":"https:\/\/sebastianpendino.com\/academy\/#\/schema\/logo\/image\/","url":"https:\/\/sebastianpendino.com\/academy\/wp-content\/uploads\/2024\/12\/sp-logo-academy-358x70-1.webp","contentUrl":"https:\/\/sebastianpendino.com\/academy\/wp-content\/uploads\/2024\/12\/sp-logo-academy-358x70-1.webp","width":358,"height":70,"caption":"Sebasti\u00e1n Pendino - Academy"},"image":{"@id":"https:\/\/sebastianpendino.com\/academy\/#\/schema\/logo\/image\/"},"sameAs":["https:\/\/www.facebook.com\/sebapendino","https:\/\/x.com\/SebaPendino","https:\/\/www.linkedin.com\/in\/sebastianpendino","https:\/\/www.youtube.com\/c\/sebastianpendino"]}]},"og_video":"https:\/\/www.youtube.com\/embed\/OHzZSh5cc4I","og_video_type":"text\/html","og_video_duration":"153","og_video_width":"480","og_video_height":"270","ya_ovs_adult":"false","ya_ovs_upload_date":"2019-03-09T18:45:42+00:00","ya_ovs_allow_embed":"true"},"_links":{"self":[{"href":"https:\/\/sebastianpendino.com\/academy\/wp-json\/wp\/v2\/product\/12038","targetHints":{"allow":["GET"]}}],"collection":[{"href":"https:\/\/sebastianpendino.com\/academy\/wp-json\/wp\/v2\/product"}],"about":[{"href":"https:\/\/sebastianpendino.com\/academy\/wp-json\/wp\/v2\/types\/product"}],"replies":[{"embeddable":true,"href":"https:\/\/sebastianpendino.com\/academy\/wp-json\/wp\/v2\/comments?post=12038"}],"wp:featuredmedia":[{"embeddable":true,"href":"https:\/\/sebastianpendino.com\/academy\/wp-json\/wp\/v2\/media\/12150"}],"wp:attachment":[{"href":"https:\/\/sebastianpendino.com\/academy\/wp-json\/wp\/v2\/media?parent=12038"}],"wp:term":[{"taxonomy":"product_brand","embeddable":true,"href":"https:\/\/sebastianpendino.com\/academy\/wp-json\/wp\/v2\/product_brand?post=12038"},{"taxonomy":"product_cat","embeddable":true,"href":"https:\/\/sebastianpendino.com\/academy\/wp-json\/wp\/v2\/product_cat?post=12038"},{"taxonomy":"product_tag","embeddable":true,"href":"https:\/\/sebastianpendino.com\/academy\/wp-json\/wp\/v2\/product_tag?post=12038"}],"curies":[{"name":"wp","href":"https:\/\/api.w.org\/{rel}","templated":true}]}}